{"id":120811,"date":"2025-11-20T15:22:04","date_gmt":"2025-11-20T20:22:04","guid":{"rendered":"https:\/\/www.lebouquet.com\/holiday-sleigh-surprise\/"},"modified":"2025-12-25T20:31:45","modified_gmt":"2025-12-26T01:31:45","slug":"surprise-festive-en-traineau","status":"publish","type":"product","link":"https:\/\/lebouquet.brstdev.com\/fr\/surprise-festive-en-traineau\/","title":{"rendered":"Surprise festive en tra\u00eeneau"},"content":{"rendered":"<p>Offrez la magie de No\u00ebl avec notre <i>Surprise Festive en Tra\u00eeneau<\/i>, une composition r\u00e9alis\u00e9e dans un tra\u00eeneau en bois blanc aux patins rouges, d\u2019allure traditionnelle. Des verdures hivernales fra\u00eeches, gerberas rouges, chrysanth\u00e8me blanc, roses rouges, baies d\u00e9coratives, cocottes givr\u00e9es et cannes de bonbon s\u2019harmonisent pour cr\u00e9er une pr\u00e9sentation de No\u00ebl classique et chaleureuse. Le tout est compl\u00e9t\u00e9 d\u2019un ruban saisonnier pour une touche parfaitement festive.<\/p>\n<p><strong>Option Deluxe :<\/strong><br \/>Passez \u00e0 la version Deluxe comprenant un mignon <a href=\"https:\/\/www.lebouquet.com\/fr\/amis-des-fetes\/\">bonhomme de neige<\/a> en peluche frileux et une <a href=\"https:\/\/www.lebouquet.com\/fr\/chocolats-assortis-leonidas\/\"><strong>bo\u00eete cadeau de 7 chocolats belges Leonidas<\/strong><\/a>, soigneusement emball\u00e9e.<\/p>\n<p><strong>Dimensions :<\/strong><br \/>Environ 11 po de hauteur \u00d7 12po de largeur.<\/p>\n","protected":false},"excerpt":{"rendered":"<p>Offrez la magie de No\u00ebl avec notre Surprise Festive en Tra\u00eeneau, une composition r\u00e9alis\u00e9e dans un tra\u00eeneau en bois blanc aux patins rouges, d\u2019allure traditionnelle. Des verdures hivernales fra\u00eeches, gerberas rouges, chrysanth\u00e8me blanc, roses rouges, baies d\u00e9coratives, cocottes givr\u00e9es et cannes de bonbon s\u2019harmonisent pour cr\u00e9er une pr\u00e9sentation de No\u00ebl classique et chaleureuse. Le tout [&hellip;]<\/p>\n","protected":false},"featured_media":120896,"comment_status":"open","ping_status":"closed","template":"","meta":{"_acf_changed":false},"recipe":[],"product_brand":[],"product_cat":[7578,18047,7584,7583,18046,7554,7553,18061],"product_tag":[],"class_list":{"0":"post-120811","1":"product","2":"type-product","3":"status-publish","4":"has-post-thumbnail","6":"product_cat-bouquets-des-fetes","7":"product_cat-boutique-des-fetes-1","8":"product_cat-ensembles-cadeaux-et-autres","9":"product_cat-gift-sets-and-holiday-items","10":"product_cat-holiday-gift-shop","11":"product_cat-populaires","12":"product_cat-popular","13":"product_cat-selection-des-fetes-en-vrac","15":"first","16":"instock","17":"shipping-taxable","18":"purchasable","19":"product-type-simple"},"acf":[],"_links":{"self":[{"href":"https:\/\/lebouquet.brstdev.com\/fr\/wp-json\/wp\/v2\/product\/120811","targetHints":{"allow":["GET"]}}],"collection":[{"href":"https:\/\/lebouquet.brstdev.com\/fr\/wp-json\/wp\/v2\/product"}],"about":[{"href":"https:\/\/lebouquet.brstdev.com\/fr\/wp-json\/wp\/v2\/types\/product"}],"replies":[{"embeddable":true,"href":"https:\/\/lebouquet.brstdev.com\/fr\/wp-json\/wp\/v2\/comments?post=120811"}],"wp:featuredmedia":[{"embeddable":true,"href":"https:\/\/lebouquet.brstdev.com\/fr\/wp-json\/wp\/v2\/media\/120896"}],"wp:attachment":[{"href":"https:\/\/lebouquet.brstdev.com\/fr\/wp-json\/wp\/v2\/media?parent=120811"}],"wp:term":[{"taxonomy":"recipe","embeddable":true,"href":"https:\/\/lebouquet.brstdev.com\/fr\/wp-json\/wp\/v2\/recipe?post=120811"},{"taxonomy":"product_brand","embeddable":true,"href":"https:\/\/lebouquet.brstdev.com\/fr\/wp-json\/wp\/v2\/product_brand?post=120811"},{"taxonomy":"product_cat","embeddable":true,"href":"https:\/\/lebouquet.brstdev.com\/fr\/wp-json\/wp\/v2\/product_cat?post=120811"},{"taxonomy":"product_tag","embeddable":true,"href":"https:\/\/lebouquet.brstdev.com\/fr\/wp-json\/wp\/v2\/product_tag?post=120811"}],"curies":[{"name":"wp","href":"https:\/\/api.w.org\/{rel}","templated":true}]}}