{"id":118852,"date":"2025-08-16T13:42:31","date_gmt":"2025-08-16T17:42:31","guid":{"rendered":"https:\/\/www.lebouquet.com\/sunset-bouquet\/"},"modified":"2026-03-28T03:30:29","modified_gmt":"2026-03-28T07:30:29","slug":"bouquet-coucher-de-soleil","status":"publish","type":"product","link":"https:\/\/lebouquet.brstdev.com\/fr\/bouquet-coucher-de-soleil\/","title":{"rendered":"Bouquet Coucher de Soleil"},"content":{"rendered":"<p>Rayonnant et chaleureux, notre <strong>Bouquet Coucher de Soleil<\/strong> refl\u00e8te les teintes dor\u00e9es et \u00e9clatantes d\u2019un ciel de soir\u00e9e. Compos\u00e9 de tournesols, de roses, de gerberas, d\u2019hortensias, de solidago et de verdure, ce bouquet apporte beaut\u00e9 et joie \u00e0 toutes les occasions. Offert avec ou sans vase, il est id\u00e9al pour un anniversaire, une c\u00e9l\u00e9bration ou simplement pour illuminer la journ\u00e9e de quelqu\u2019un.<\/p>\n","protected":false},"excerpt":{"rendered":"<p>Rayonnant et chaleureux, notre Bouquet Coucher de Soleil refl\u00e8te les teintes dor\u00e9es et \u00e9clatantes d\u2019un ciel de soir\u00e9e. Compos\u00e9 de tournesols, de roses, de gerberas, d\u2019hortensias, de solidago et de verdure, ce bouquet apporte beaut\u00e9 et joie \u00e0 toutes les occasions. Offert avec ou sans vase, il est id\u00e9al pour un anniversaire, une c\u00e9l\u00e9bration ou [&hellip;]<\/p>\n","protected":false},"featured_media":118840,"comment_status":"open","ping_status":"closed","template":"","meta":{"_acf_changed":false},"recipe":[],"product_brand":[],"product_cat":[7592,7564,7560,7556,17153,7554],"product_tag":[],"class_list":{"0":"post-118852","1":"product","2":"type-product","3":"status-publish","4":"has-post-thumbnail","6":"product_cat-anniversaire-de-naissance","7":"product_cat-bouquets-de-fleurs","8":"product_cat-fleurs-montreal","9":"product_cat-fleurs-automne","10":"product_cat-fleurs-occasions-montreal","11":"product_cat-populaires","13":"first","14":"instock","15":"shipping-taxable","16":"purchasable","17":"product-type-simple"},"acf":[],"_links":{"self":[{"href":"https:\/\/lebouquet.brstdev.com\/fr\/wp-json\/wp\/v2\/product\/118852","targetHints":{"allow":["GET"]}}],"collection":[{"href":"https:\/\/lebouquet.brstdev.com\/fr\/wp-json\/wp\/v2\/product"}],"about":[{"href":"https:\/\/lebouquet.brstdev.com\/fr\/wp-json\/wp\/v2\/types\/product"}],"replies":[{"embeddable":true,"href":"https:\/\/lebouquet.brstdev.com\/fr\/wp-json\/wp\/v2\/comments?post=118852"}],"wp:featuredmedia":[{"embeddable":true,"href":"https:\/\/lebouquet.brstdev.com\/fr\/wp-json\/wp\/v2\/media\/118840"}],"wp:attachment":[{"href":"https:\/\/lebouquet.brstdev.com\/fr\/wp-json\/wp\/v2\/media?parent=118852"}],"wp:term":[{"taxonomy":"recipe","embeddable":true,"href":"https:\/\/lebouquet.brstdev.com\/fr\/wp-json\/wp\/v2\/recipe?post=118852"},{"taxonomy":"product_brand","embeddable":true,"href":"https:\/\/lebouquet.brstdev.com\/fr\/wp-json\/wp\/v2\/product_brand?post=118852"},{"taxonomy":"product_cat","embeddable":true,"href":"https:\/\/lebouquet.brstdev.com\/fr\/wp-json\/wp\/v2\/product_cat?post=118852"},{"taxonomy":"product_tag","embeddable":true,"href":"https:\/\/lebouquet.brstdev.com\/fr\/wp-json\/wp\/v2\/product_tag?post=118852"}],"curies":[{"name":"wp","href":"https:\/\/api.w.org\/{rel}","templated":true}]}}