{"id":118455,"date":"2025-08-11T13:14:46","date_gmt":"2025-08-11T17:14:46","guid":{"rendered":"https:\/\/www.lebouquet.com\/gerbera-sol-bulk-diy\/"},"modified":"2025-08-16T08:49:25","modified_gmt":"2025-08-16T12:49:25","slug":"gerberas-sol-en-vrac","status":"publish","type":"product","link":"https:\/\/lebouquet.brstdev.com\/fr\/gerberas-sol-en-vrac\/","title":{"rendered":"Gerberas Sol &#8211; en vrac"},"content":{"rendered":"<p><strong>*Pour assurer la fra\u00eecheur et la disponibilit\u00e9, veuillez commander au moins 2 semaines \u00e0 l\u2019avance.<\/strong><\/p>\n<p>Apportez un \u00e9clat ensoleill\u00e9 \u00e0 vos compositions florales avec nos splendides <strong>Gerbera Sol<\/strong>, disponibles en vrac pour vos projets DIY, mariages et \u00e9v\u00e9nements \u00e0 Montr\u00e9al. Ces fleurs de qualit\u00e9 sup\u00e9rieure pr\u00e9sentent de lumineux p\u00e9tales jaune dor\u00e9 avec un centre vert frais, apportant chaleur, joie et \u00e9nergie \u00e0 tout bouquet ou centre de table. Parfaits pour les c\u00e9l\u00e9brations estivales, les d\u00e9corations d\u2019\u00e9v\u00e9nements color\u00e9es et les cr\u00e9ations florales dynamiques, les Gerbera Sol sont r\u00e9put\u00e9s pour leur fra\u00eecheur exceptionnelle, leur longue tenue en vase et leur grande polyvalence dans les styles modernes comme classiques. Id\u00e9al pour les fleuristes, organisateurs d\u2019\u00e9v\u00e9nements et passionn\u00e9s de DIY recherchant des fleurs de qualit\u00e9 \u00e0 prix avantageux.<\/p>\n","protected":false},"excerpt":{"rendered":"<p>*Pour assurer la fra\u00eecheur et la disponibilit\u00e9, veuillez commander au moins 2 semaines \u00e0 l\u2019avance. Apportez un \u00e9clat ensoleill\u00e9 \u00e0 vos compositions florales avec nos splendides Gerbera Sol, disponibles en vrac pour vos projets DIY, mariages et \u00e9v\u00e9nements \u00e0 Montr\u00e9al. Ces fleurs de qualit\u00e9 sup\u00e9rieure pr\u00e9sentent de lumineux p\u00e9tales jaune dor\u00e9 avec un centre vert [&hellip;]<\/p>\n","protected":false},"featured_media":118431,"comment_status":"open","ping_status":"closed","template":"","meta":{"_acf_changed":false},"recipe":[],"product_brand":[],"product_cat":[18341,17456,17169,7674,18349,17454,17468],"product_tag":[],"class_list":{"0":"post-118455","1":"product","2":"type-product","3":"status-publish","4":"has-post-thumbnail","6":"product_cat-fleurs-en-vrac-par-couleur","7":"product_cat-standard-gerbera","8":"product_cat-fleurs-en-vrac","9":"product_cat-fleurs-en-vrac-gros-montreal","10":"product_cat-fleurs-en-vrac-jaunes","11":"product_cat-gerbera-en-vrac","12":"product_cat-gerbera-standard-fr","14":"first","15":"instock","16":"shipping-taxable","17":"purchasable","18":"product-type-simple"},"acf":[],"_links":{"self":[{"href":"https:\/\/lebouquet.brstdev.com\/fr\/wp-json\/wp\/v2\/product\/118455","targetHints":{"allow":["GET"]}}],"collection":[{"href":"https:\/\/lebouquet.brstdev.com\/fr\/wp-json\/wp\/v2\/product"}],"about":[{"href":"https:\/\/lebouquet.brstdev.com\/fr\/wp-json\/wp\/v2\/types\/product"}],"replies":[{"embeddable":true,"href":"https:\/\/lebouquet.brstdev.com\/fr\/wp-json\/wp\/v2\/comments?post=118455"}],"wp:featuredmedia":[{"embeddable":true,"href":"https:\/\/lebouquet.brstdev.com\/fr\/wp-json\/wp\/v2\/media\/118431"}],"wp:attachment":[{"href":"https:\/\/lebouquet.brstdev.com\/fr\/wp-json\/wp\/v2\/media?parent=118455"}],"wp:term":[{"taxonomy":"recipe","embeddable":true,"href":"https:\/\/lebouquet.brstdev.com\/fr\/wp-json\/wp\/v2\/recipe?post=118455"},{"taxonomy":"product_brand","embeddable":true,"href":"https:\/\/lebouquet.brstdev.com\/fr\/wp-json\/wp\/v2\/product_brand?post=118455"},{"taxonomy":"product_cat","embeddable":true,"href":"https:\/\/lebouquet.brstdev.com\/fr\/wp-json\/wp\/v2\/product_cat?post=118455"},{"taxonomy":"product_tag","embeddable":true,"href":"https:\/\/lebouquet.brstdev.com\/fr\/wp-json\/wp\/v2\/product_tag?post=118455"}],"curies":[{"name":"wp","href":"https:\/\/api.w.org\/{rel}","templated":true}]}}