{"id":118429,"date":"2025-08-11T12:54:03","date_gmt":"2025-08-11T16:54:03","guid":{"rendered":"https:\/\/www.lebouquet.com\/gerbera-cartizze-bulk-diy\/"},"modified":"2025-08-16T08:45:07","modified_gmt":"2025-08-16T12:45:07","slug":"gerberas-cartizze-en-vrac","status":"publish","type":"product","link":"https:\/\/lebouquet.brstdev.com\/fr\/gerberas-cartizze-en-vrac\/","title":{"rendered":"Gerberas Cartizze &#8211; en vrac"},"content":{"rendered":"<p><strong>*Pour assurer la fra\u00eecheur et la disponibilit\u00e9, veuillez commander au moins 2 semaines \u00e0 l\u2019avance.<\/strong><\/p>\n<p>Apportez une douce luminosit\u00e9 \u00e0 vos cr\u00e9ations florales avec nos ravissants <strong>Gerbera Cartizze<\/strong>, disponibles en vrac pour vos projets DIY, mariages et \u00e9v\u00e9nements \u00e0 Montr\u00e9al. Ces fleurs de qualit\u00e9 sup\u00e9rieure pr\u00e9sentent des p\u00e9tales jaune cr\u00e8me avec un d\u00e9licat centre rose p\u00e2le, apportant fra\u00eecheur et \u00e9clat \u00e0 tout bouquet ou centre de table. Parfaits pour les c\u00e9l\u00e9brations printani\u00e8res, les f\u00eates de b\u00e9b\u00e9 et les cr\u00e9ations d\u2019inspiration jardin, les Gerbera Cartizze offrent une fra\u00eecheur exceptionnelle, une longue tenue en vase et une grande polyvalence pour les styles classiques comme modernes. Id\u00e9al pour les fleuristes, organisateurs d\u2019\u00e9v\u00e9nements et passionn\u00e9s de DIY recherchant des fleurs de qualit\u00e9 \u00e0 prix avantageux.<\/p>\n","protected":false},"excerpt":{"rendered":"<p>*Pour assurer la fra\u00eecheur et la disponibilit\u00e9, veuillez commander au moins 2 semaines \u00e0 l\u2019avance. Apportez une douce luminosit\u00e9 \u00e0 vos cr\u00e9ations florales avec nos ravissants Gerbera Cartizze, disponibles en vrac pour vos projets DIY, mariages et \u00e9v\u00e9nements \u00e0 Montr\u00e9al. Ces fleurs de qualit\u00e9 sup\u00e9rieure pr\u00e9sentent des p\u00e9tales jaune cr\u00e8me avec un d\u00e9licat centre rose [&hellip;]<\/p>\n","protected":false},"featured_media":118405,"comment_status":"open","ping_status":"closed","template":"","meta":{"_acf_changed":false},"recipe":[],"product_brand":[],"product_cat":[18341,17456,17169,7674,18349,17454,17468,18347],"product_tag":[],"class_list":{"0":"post-118429","1":"product","2":"type-product","3":"status-publish","4":"has-post-thumbnail","6":"product_cat-fleurs-en-vrac-par-couleur","7":"product_cat-standard-gerbera","8":"product_cat-fleurs-en-vrac","9":"product_cat-fleurs-en-vrac-gros-montreal","10":"product_cat-fleurs-en-vrac-jaunes","11":"product_cat-gerbera-en-vrac","12":"product_cat-gerbera-standard-fr","13":"product_cat-palette-creme-et-blanche","15":"first","16":"instock","17":"shipping-taxable","18":"purchasable","19":"product-type-simple"},"acf":[],"_links":{"self":[{"href":"https:\/\/lebouquet.brstdev.com\/fr\/wp-json\/wp\/v2\/product\/118429","targetHints":{"allow":["GET"]}}],"collection":[{"href":"https:\/\/lebouquet.brstdev.com\/fr\/wp-json\/wp\/v2\/product"}],"about":[{"href":"https:\/\/lebouquet.brstdev.com\/fr\/wp-json\/wp\/v2\/types\/product"}],"replies":[{"embeddable":true,"href":"https:\/\/lebouquet.brstdev.com\/fr\/wp-json\/wp\/v2\/comments?post=118429"}],"wp:featuredmedia":[{"embeddable":true,"href":"https:\/\/lebouquet.brstdev.com\/fr\/wp-json\/wp\/v2\/media\/118405"}],"wp:attachment":[{"href":"https:\/\/lebouquet.brstdev.com\/fr\/wp-json\/wp\/v2\/media?parent=118429"}],"wp:term":[{"taxonomy":"recipe","embeddable":true,"href":"https:\/\/lebouquet.brstdev.com\/fr\/wp-json\/wp\/v2\/recipe?post=118429"},{"taxonomy":"product_brand","embeddable":true,"href":"https:\/\/lebouquet.brstdev.com\/fr\/wp-json\/wp\/v2\/product_brand?post=118429"},{"taxonomy":"product_cat","embeddable":true,"href":"https:\/\/lebouquet.brstdev.com\/fr\/wp-json\/wp\/v2\/product_cat?post=118429"},{"taxonomy":"product_tag","embeddable":true,"href":"https:\/\/lebouquet.brstdev.com\/fr\/wp-json\/wp\/v2\/product_tag?post=118429"}],"curies":[{"name":"wp","href":"https:\/\/api.w.org\/{rel}","templated":true}]}}