{"id":118403,"date":"2025-08-11T12:30:17","date_gmt":"2025-08-11T16:30:17","guid":{"rendered":"https:\/\/www.lebouquet.com\/gerbera-amarone-bulk-diy\/"},"modified":"2025-08-14T13:59:05","modified_gmt":"2025-08-14T17:59:05","slug":"gerberas-amarone-en-vrac","status":"publish","type":"product","link":"https:\/\/lebouquet.brstdev.com\/fr\/gerberas-amarone-en-vrac\/","title":{"rendered":"Gerberas Amarone &#8211; en vrac"},"content":{"rendered":"<p><strong>*Pour assurer la fra\u00eecheur et la disponibilit\u00e9, veuillez commander au moins 2 semaines \u00e0 l\u2019avance.<\/strong><\/p>\n<p>Apportez une touche d\u2019\u00e9l\u00e9gance audacieuse \u00e0 vos cr\u00e9ations florales avec nos magnifiques <strong>Gerbera Amarone<\/strong>, disponibles en vrac pour vos projets DIY, mariages et \u00e9v\u00e9nements \u00e0 Montr\u00e9al. Avec leurs p\u00e9tales rouge profond velout\u00e9 et leur centre sombre spectaculaire, ces fleurs de qualit\u00e9 sup\u00e9rieure apportent un impact visuel fort aux compositions modernes comme classiques. Parfaites pour les bouquets romantiques, les centres de table festifs et les d\u00e9corations d\u2019\u00e9v\u00e9nements, les Gerbera Amarone offrent une fra\u00eecheur exceptionnelle, une longue tenue en vase et une grande polyvalence. Un choix privil\u00e9gi\u00e9 pour les fleuristes, organisateurs d\u2019\u00e9v\u00e9nements et passionn\u00e9s de DIY recherchant des fleurs de haute qualit\u00e9 \u00e0 prix avantageux.<\/p>\n","protected":false},"excerpt":{"rendered":"<p>*Pour assurer la fra\u00eecheur et la disponibilit\u00e9, veuillez commander au moins 2 semaines \u00e0 l\u2019avance. Apportez une touche d\u2019\u00e9l\u00e9gance audacieuse \u00e0 vos cr\u00e9ations florales avec nos magnifiques Gerbera Amarone, disponibles en vrac pour vos projets DIY, mariages et \u00e9v\u00e9nements \u00e0 Montr\u00e9al. Avec leurs p\u00e9tales rouge profond velout\u00e9 et leur centre sombre spectaculaire, ces fleurs de [&hellip;]<\/p>\n","protected":false},"featured_media":118371,"comment_status":"open","ping_status":"closed","template":"","meta":{"_acf_changed":false},"recipe":[],"product_brand":[],"product_cat":[18341,17456,17169,7674,18345,17454,17468],"product_tag":[],"class_list":{"0":"post-118403","1":"product","2":"type-product","3":"status-publish","4":"has-post-thumbnail","6":"product_cat-fleurs-en-vrac-par-couleur","7":"product_cat-standard-gerbera","8":"product_cat-fleurs-en-vrac","9":"product_cat-fleurs-en-vrac-gros-montreal","10":"product_cat-fleurs-en-vrac-rouges","11":"product_cat-gerbera-en-vrac","12":"product_cat-gerbera-standard-fr","14":"first","15":"instock","16":"shipping-taxable","17":"purchasable","18":"product-type-simple"},"acf":[],"_links":{"self":[{"href":"https:\/\/lebouquet.brstdev.com\/fr\/wp-json\/wp\/v2\/product\/118403","targetHints":{"allow":["GET"]}}],"collection":[{"href":"https:\/\/lebouquet.brstdev.com\/fr\/wp-json\/wp\/v2\/product"}],"about":[{"href":"https:\/\/lebouquet.brstdev.com\/fr\/wp-json\/wp\/v2\/types\/product"}],"replies":[{"embeddable":true,"href":"https:\/\/lebouquet.brstdev.com\/fr\/wp-json\/wp\/v2\/comments?post=118403"}],"wp:featuredmedia":[{"embeddable":true,"href":"https:\/\/lebouquet.brstdev.com\/fr\/wp-json\/wp\/v2\/media\/118371"}],"wp:attachment":[{"href":"https:\/\/lebouquet.brstdev.com\/fr\/wp-json\/wp\/v2\/media?parent=118403"}],"wp:term":[{"taxonomy":"recipe","embeddable":true,"href":"https:\/\/lebouquet.brstdev.com\/fr\/wp-json\/wp\/v2\/recipe?post=118403"},{"taxonomy":"product_brand","embeddable":true,"href":"https:\/\/lebouquet.brstdev.com\/fr\/wp-json\/wp\/v2\/product_brand?post=118403"},{"taxonomy":"product_cat","embeddable":true,"href":"https:\/\/lebouquet.brstdev.com\/fr\/wp-json\/wp\/v2\/product_cat?post=118403"},{"taxonomy":"product_tag","embeddable":true,"href":"https:\/\/lebouquet.brstdev.com\/fr\/wp-json\/wp\/v2\/product_tag?post=118403"}],"curies":[{"name":"wp","href":"https:\/\/api.w.org\/{rel}","templated":true}]}}