{"id":118343,"date":"2025-08-11T11:39:08","date_gmt":"2025-08-11T15:39:08","guid":{"rendered":"https:\/\/www.lebouquet.com\/gerbera-orca-bulk-diy\/"},"modified":"2025-08-16T08:51:36","modified_gmt":"2025-08-16T12:51:36","slug":"gerberas-orca-en-vrac","status":"publish","type":"product","link":"https:\/\/lebouquet.brstdev.com\/fr\/gerberas-orca-en-vrac\/","title":{"rendered":"Gerberas Orca &#8211; en vrac"},"content":{"rendered":"<p><strong>*Pour assurer la fra\u00eecheur et la disponibilit\u00e9, veuillez commander au moins 2 semaines \u00e0 l\u2019avance.<\/strong><\/p>\n<p>Illuminez vos cr\u00e9ations florales avec nos magnifiques <strong>Gerbera Orca<\/strong>, disponibles en vrac pour vos projets DIY, mariages et \u00e9v\u00e9nements \u00e0 Montr\u00e9al. Ces fleurs de qualit\u00e9 sup\u00e9rieure se distinguent par leurs p\u00e9tales blancs \u00e9clatants et leur centre sombre, offrant un style intemporel qui s\u2019harmonise parfaitement aux compositions classiques comme contemporaines. Id\u00e9al pour les centres de table, bouquets de mari\u00e9e et d\u00e9corations florales, le Gerbera Orca apporte fra\u00eecheur et \u00e9l\u00e9gance \u00e0 toutes vos cr\u00e9ations. R\u00e9put\u00e9es pour leur longue tenue en vase et leur beaut\u00e9 vibrante, ces fleurs sont parfaites pour les fleuristes, organisateurs d\u2019\u00e9v\u00e9nements et passionn\u00e9s de DIY souhaitant b\u00e9n\u00e9ficier de prix avantageux sans compromis sur la qualit\u00e9.<\/p>\n","protected":false},"excerpt":{"rendered":"<p>*Pour assurer la fra\u00eecheur et la disponibilit\u00e9, veuillez commander au moins 2 semaines \u00e0 l\u2019avance. Illuminez vos cr\u00e9ations florales avec nos magnifiques Gerbera Orca, disponibles en vrac pour vos projets DIY, mariages et \u00e9v\u00e9nements \u00e0 Montr\u00e9al. Ces fleurs de qualit\u00e9 sup\u00e9rieure se distinguent par leurs p\u00e9tales blancs \u00e9clatants et leur centre sombre, offrant un style [&hellip;]<\/p>\n","protected":false},"featured_media":118315,"comment_status":"open","ping_status":"closed","template":"","meta":{"_acf_changed":false},"recipe":[],"product_brand":[],"product_cat":[18341,17456,17169,7674,17454,17468,18347],"product_tag":[],"class_list":{"0":"post-118343","1":"product","2":"type-product","3":"status-publish","4":"has-post-thumbnail","6":"product_cat-fleurs-en-vrac-par-couleur","7":"product_cat-standard-gerbera","8":"product_cat-fleurs-en-vrac","9":"product_cat-fleurs-en-vrac-gros-montreal","10":"product_cat-gerbera-en-vrac","11":"product_cat-gerbera-standard-fr","12":"product_cat-palette-creme-et-blanche","14":"first","15":"instock","16":"shipping-taxable","17":"purchasable","18":"product-type-simple"},"acf":[],"_links":{"self":[{"href":"https:\/\/lebouquet.brstdev.com\/fr\/wp-json\/wp\/v2\/product\/118343","targetHints":{"allow":["GET"]}}],"collection":[{"href":"https:\/\/lebouquet.brstdev.com\/fr\/wp-json\/wp\/v2\/product"}],"about":[{"href":"https:\/\/lebouquet.brstdev.com\/fr\/wp-json\/wp\/v2\/types\/product"}],"replies":[{"embeddable":true,"href":"https:\/\/lebouquet.brstdev.com\/fr\/wp-json\/wp\/v2\/comments?post=118343"}],"wp:featuredmedia":[{"embeddable":true,"href":"https:\/\/lebouquet.brstdev.com\/fr\/wp-json\/wp\/v2\/media\/118315"}],"wp:attachment":[{"href":"https:\/\/lebouquet.brstdev.com\/fr\/wp-json\/wp\/v2\/media?parent=118343"}],"wp:term":[{"taxonomy":"recipe","embeddable":true,"href":"https:\/\/lebouquet.brstdev.com\/fr\/wp-json\/wp\/v2\/recipe?post=118343"},{"taxonomy":"product_brand","embeddable":true,"href":"https:\/\/lebouquet.brstdev.com\/fr\/wp-json\/wp\/v2\/product_brand?post=118343"},{"taxonomy":"product_cat","embeddable":true,"href":"https:\/\/lebouquet.brstdev.com\/fr\/wp-json\/wp\/v2\/product_cat?post=118343"},{"taxonomy":"product_tag","embeddable":true,"href":"https:\/\/lebouquet.brstdev.com\/fr\/wp-json\/wp\/v2\/product_tag?post=118343"}],"curies":[{"name":"wp","href":"https:\/\/api.w.org\/{rel}","templated":true}]}}