{"id":117216,"date":"2025-07-15T12:37:56","date_gmt":"2025-07-15T16:37:56","guid":{"rendered":"https:\/\/www.lebouquet.com\/cuddly-cow\/"},"modified":"2025-08-13T06:16:36","modified_gmt":"2025-08-13T10:16:36","slug":"vache-caline","status":"publish","type":"product","link":"https:\/\/lebouquet.brstdev.com\/fr\/vache-caline\/","title":{"rendered":"Vache C\u00e2line"},"content":{"rendered":"<p>Voici la Vache C\u00e2line \u2013 toute douce, tachet\u00e9e et pleine de tendresse. Avec ses taches noires et blanches, son museau rose, ses petites oreilles duveteuses et sa m\u00e8che rebelle, la Vache C\u00e2line est une peluche adorable et moelleuse. Fabriqu\u00e9e en peluche ultra-douce, elle est parfaite pour les c\u00e2lins, les jeux ou pour ajouter une touche champ\u00eatre \u00e0 une chambre d\u2019enfant. Cette jolie vache saura charmer petits et grands.<\/p>\n","protected":false},"excerpt":{"rendered":"<p>Voici la Vache C\u00e2line \u2013 toute douce, tachet\u00e9e et pleine de tendresse. Avec ses taches noires et blanches, son museau rose, ses petites oreilles duveteuses et sa m\u00e8che rebelle, la Vache C\u00e2line est une peluche adorable et moelleuse. Fabriqu\u00e9e en peluche ultra-douce, elle est parfaite pour les c\u00e2lins, les jeux ou pour ajouter une touche [&hellip;]<\/p>\n","protected":false},"featured_media":117210,"comment_status":"open","ping_status":"closed","template":"","meta":{"_acf_changed":false},"recipe":[],"product_brand":[],"product_cat":[7648,7647,7652,7651],"product_tag":[],"class_list":{"0":"post-117216","1":"product","2":"type-product","3":"status-publish","4":"has-post-thumbnail","6":"product_cat-cadeaux","7":"product_cat-gift-shop","8":"product_cat-jouets-en-peluche","9":"product_cat-plush-toys","11":"first","12":"instock","13":"shipping-taxable","14":"purchasable","15":"product-type-simple"},"acf":[],"_links":{"self":[{"href":"https:\/\/lebouquet.brstdev.com\/fr\/wp-json\/wp\/v2\/product\/117216","targetHints":{"allow":["GET"]}}],"collection":[{"href":"https:\/\/lebouquet.brstdev.com\/fr\/wp-json\/wp\/v2\/product"}],"about":[{"href":"https:\/\/lebouquet.brstdev.com\/fr\/wp-json\/wp\/v2\/types\/product"}],"replies":[{"embeddable":true,"href":"https:\/\/lebouquet.brstdev.com\/fr\/wp-json\/wp\/v2\/comments?post=117216"}],"wp:featuredmedia":[{"embeddable":true,"href":"https:\/\/lebouquet.brstdev.com\/fr\/wp-json\/wp\/v2\/media\/117210"}],"wp:attachment":[{"href":"https:\/\/lebouquet.brstdev.com\/fr\/wp-json\/wp\/v2\/media?parent=117216"}],"wp:term":[{"taxonomy":"recipe","embeddable":true,"href":"https:\/\/lebouquet.brstdev.com\/fr\/wp-json\/wp\/v2\/recipe?post=117216"},{"taxonomy":"product_brand","embeddable":true,"href":"https:\/\/lebouquet.brstdev.com\/fr\/wp-json\/wp\/v2\/product_brand?post=117216"},{"taxonomy":"product_cat","embeddable":true,"href":"https:\/\/lebouquet.brstdev.com\/fr\/wp-json\/wp\/v2\/product_cat?post=117216"},{"taxonomy":"product_tag","embeddable":true,"href":"https:\/\/lebouquet.brstdev.com\/fr\/wp-json\/wp\/v2\/product_tag?post=117216"}],"curies":[{"name":"wp","href":"https:\/\/api.w.org\/{rel}","templated":true}]}}