{"id":117208,"date":"2025-07-15T12:27:01","date_gmt":"2025-07-15T16:27:01","guid":{"rendered":"https:\/\/www.lebouquet.com\/fernie-fawn\/"},"modified":"2025-08-13T06:16:37","modified_gmt":"2025-08-13T10:16:37","slug":"fernie-le-faon","status":"publish","type":"product","link":"https:\/\/lebouquet.brstdev.com\/fr\/fernie-le-faon\/","title":{"rendered":"Fernie le Faon"},"content":{"rendered":"<p>Voici Fernie le Faon \u2013 douce, paisible et parfaite pour les c\u00e2lins. Fernie le Faon est une tendre amie de la for\u00eat, con\u00e7ue en peluche ultra-douce dans des tons bruns chaleureux avec de jolis d\u00e9tails blancs. Son expression apaisante et sa taille id\u00e9ale en font une peluche r\u00e9confortante \u00e0 tout moment. Parfaite pour une chambre d\u2019enfant, une d\u00e9co nature ou un cadeau attentionn\u00e9, Fernie s\u00e9duira tous les amoureux des animaux de la for\u00eat.<\/p>\n","protected":false},"excerpt":{"rendered":"<p>Voici Fernie le Faon \u2013 douce, paisible et parfaite pour les c\u00e2lins. Fernie le Faon est une tendre amie de la for\u00eat, con\u00e7ue en peluche ultra-douce dans des tons bruns chaleureux avec de jolis d\u00e9tails blancs. Son expression apaisante et sa taille id\u00e9ale en font une peluche r\u00e9confortante \u00e0 tout moment. Parfaite pour une chambre [&hellip;]<\/p>\n","protected":false},"featured_media":117203,"comment_status":"open","ping_status":"closed","template":"","meta":{"_acf_changed":false},"recipe":[],"product_brand":[],"product_cat":[7648,7647,7652,7651],"product_tag":[],"class_list":{"0":"post-117208","1":"product","2":"type-product","3":"status-publish","4":"has-post-thumbnail","6":"product_cat-cadeaux","7":"product_cat-gift-shop","8":"product_cat-jouets-en-peluche","9":"product_cat-plush-toys","11":"first","12":"instock","13":"shipping-taxable","14":"purchasable","15":"product-type-simple"},"acf":[],"_links":{"self":[{"href":"https:\/\/lebouquet.brstdev.com\/fr\/wp-json\/wp\/v2\/product\/117208","targetHints":{"allow":["GET"]}}],"collection":[{"href":"https:\/\/lebouquet.brstdev.com\/fr\/wp-json\/wp\/v2\/product"}],"about":[{"href":"https:\/\/lebouquet.brstdev.com\/fr\/wp-json\/wp\/v2\/types\/product"}],"replies":[{"embeddable":true,"href":"https:\/\/lebouquet.brstdev.com\/fr\/wp-json\/wp\/v2\/comments?post=117208"}],"wp:featuredmedia":[{"embeddable":true,"href":"https:\/\/lebouquet.brstdev.com\/fr\/wp-json\/wp\/v2\/media\/117203"}],"wp:attachment":[{"href":"https:\/\/lebouquet.brstdev.com\/fr\/wp-json\/wp\/v2\/media?parent=117208"}],"wp:term":[{"taxonomy":"recipe","embeddable":true,"href":"https:\/\/lebouquet.brstdev.com\/fr\/wp-json\/wp\/v2\/recipe?post=117208"},{"taxonomy":"product_brand","embeddable":true,"href":"https:\/\/lebouquet.brstdev.com\/fr\/wp-json\/wp\/v2\/product_brand?post=117208"},{"taxonomy":"product_cat","embeddable":true,"href":"https:\/\/lebouquet.brstdev.com\/fr\/wp-json\/wp\/v2\/product_cat?post=117208"},{"taxonomy":"product_tag","embeddable":true,"href":"https:\/\/lebouquet.brstdev.com\/fr\/wp-json\/wp\/v2\/product_tag?post=117208"}],"curies":[{"name":"wp","href":"https:\/\/api.w.org\/{rel}","templated":true}]}}