{"id":117201,"date":"2025-07-15T12:19:01","date_gmt":"2025-07-15T16:19:01","guid":{"rendered":"https:\/\/www.lebouquet.com\/zeke-puppy\/"},"modified":"2026-03-28T03:40:18","modified_gmt":"2026-03-28T07:40:18","slug":"zeke-le-chiot","status":"publish","type":"product","link":"https:\/\/lebouquet.brstdev.com\/fr\/zeke-le-chiot\/","title":{"rendered":"Zeke le Chiot"},"content":{"rendered":"<p>Voici Zeke le Chiot \u2013 joueur, tout doux et id\u00e9al pour les petites mains. Le hochet Zeke le Chiot est une peluche sensorielle con\u00e7ue pour apaiser et amuser les tout-petits. Avec son anneau de dentition bleu sans BPA, son doux bruit de hochet, son papier bruissant et sa forme de chiot c\u00e2lin, Zeke allie tendresse et \u00e9veil. L\u00e9ger et facile \u00e0 attraper, il convient parfaitement aux nouveau-n\u00e9s et aux b\u00e9b\u00e9s en pleine pouss\u00e9e dentaire. Zeke sera leur fid\u00e8le compagnon.<\/p>\n","protected":false},"excerpt":{"rendered":"<p>Voici Zeke le Chiot \u2013 joueur, tout doux et id\u00e9al pour les petites mains. Le hochet Zeke le Chiot est une peluche sensorielle con\u00e7ue pour apaiser et amuser les tout-petits. Avec son anneau de dentition bleu sans BPA, son doux bruit de hochet, son papier bruissant et sa forme de chiot c\u00e2lin, Zeke allie tendresse [&hellip;]<\/p>\n","protected":false},"featured_media":117194,"comment_status":"open","ping_status":"closed","template":"","meta":{"_acf_changed":false},"recipe":[],"product_brand":[],"product_cat":[7648,17153,7652,7594],"product_tag":[],"class_list":{"0":"post-117201","1":"product","2":"type-product","3":"status-publish","4":"has-post-thumbnail","6":"product_cat-cadeaux","7":"product_cat-fleurs-occasions-montreal","8":"product_cat-jouets-en-peluche","9":"product_cat-naissances-evenements","11":"first","12":"instock","13":"shipping-taxable","14":"purchasable","15":"product-type-simple"},"acf":[],"_links":{"self":[{"href":"https:\/\/lebouquet.brstdev.com\/fr\/wp-json\/wp\/v2\/product\/117201","targetHints":{"allow":["GET"]}}],"collection":[{"href":"https:\/\/lebouquet.brstdev.com\/fr\/wp-json\/wp\/v2\/product"}],"about":[{"href":"https:\/\/lebouquet.brstdev.com\/fr\/wp-json\/wp\/v2\/types\/product"}],"replies":[{"embeddable":true,"href":"https:\/\/lebouquet.brstdev.com\/fr\/wp-json\/wp\/v2\/comments?post=117201"}],"wp:featuredmedia":[{"embeddable":true,"href":"https:\/\/lebouquet.brstdev.com\/fr\/wp-json\/wp\/v2\/media\/117194"}],"wp:attachment":[{"href":"https:\/\/lebouquet.brstdev.com\/fr\/wp-json\/wp\/v2\/media?parent=117201"}],"wp:term":[{"taxonomy":"recipe","embeddable":true,"href":"https:\/\/lebouquet.brstdev.com\/fr\/wp-json\/wp\/v2\/recipe?post=117201"},{"taxonomy":"product_brand","embeddable":true,"href":"https:\/\/lebouquet.brstdev.com\/fr\/wp-json\/wp\/v2\/product_brand?post=117201"},{"taxonomy":"product_cat","embeddable":true,"href":"https:\/\/lebouquet.brstdev.com\/fr\/wp-json\/wp\/v2\/product_cat?post=117201"},{"taxonomy":"product_tag","embeddable":true,"href":"https:\/\/lebouquet.brstdev.com\/fr\/wp-json\/wp\/v2\/product_tag?post=117201"}],"curies":[{"name":"wp","href":"https:\/\/api.w.org\/{rel}","templated":true}]}}