{"id":117192,"date":"2025-07-15T12:11:51","date_gmt":"2025-07-15T16:11:51","guid":{"rendered":"https:\/\/www.lebouquet.com\/georgie-giraffe\/"},"modified":"2026-03-28T03:40:31","modified_gmt":"2026-03-28T07:40:31","slug":"georgie-la-girafe","status":"publish","type":"product","link":"https:\/\/lebouquet.brstdev.com\/fr\/georgie-la-girafe\/","title":{"rendered":"Georgie la Girafe"},"content":{"rendered":"<p>Voici Georgie la Girafe \u2013 joyeuse, bruissante et parfaite pour les petits curieux. Le hochet Georgie la Girafe est une peluche sensorielle toute douce, pens\u00e9e pour amuser et apaiser les tout-petits. Avec son doux bruit de hochet, son anneau de dentition turquoise sans BPA, son papier bruissant et ses textures vari\u00e9es, Georgie stimule les sens du b\u00e9b\u00e9 tout en offrant du r\u00e9confort. Son visage souriant et sa forme facile \u00e0 attraper en font un cadeau id\u00e9al pour les nouveau-n\u00e9s et les premi\u00e8res pouss\u00e9es dentaires.<\/p>\n","protected":false},"excerpt":{"rendered":"<p>Voici Georgie la Girafe \u2013 joyeuse, bruissante et parfaite pour les petits curieux. Le hochet Georgie la Girafe est une peluche sensorielle toute douce, pens\u00e9e pour amuser et apaiser les tout-petits. Avec son doux bruit de hochet, son anneau de dentition turquoise sans BPA, son papier bruissant et ses textures vari\u00e9es, Georgie stimule les sens [&hellip;]<\/p>\n","protected":false},"featured_media":117187,"comment_status":"open","ping_status":"closed","template":"","meta":{"_acf_changed":false},"recipe":[],"product_brand":[],"product_cat":[7648,17153,7652,7594],"product_tag":[],"class_list":{"0":"post-117192","1":"product","2":"type-product","3":"status-publish","4":"has-post-thumbnail","6":"product_cat-cadeaux","7":"product_cat-fleurs-occasions-montreal","8":"product_cat-jouets-en-peluche","9":"product_cat-naissances-evenements","11":"first","12":"instock","13":"shipping-taxable","14":"purchasable","15":"product-type-simple"},"acf":[],"_links":{"self":[{"href":"https:\/\/lebouquet.brstdev.com\/fr\/wp-json\/wp\/v2\/product\/117192","targetHints":{"allow":["GET"]}}],"collection":[{"href":"https:\/\/lebouquet.brstdev.com\/fr\/wp-json\/wp\/v2\/product"}],"about":[{"href":"https:\/\/lebouquet.brstdev.com\/fr\/wp-json\/wp\/v2\/types\/product"}],"replies":[{"embeddable":true,"href":"https:\/\/lebouquet.brstdev.com\/fr\/wp-json\/wp\/v2\/comments?post=117192"}],"wp:featuredmedia":[{"embeddable":true,"href":"https:\/\/lebouquet.brstdev.com\/fr\/wp-json\/wp\/v2\/media\/117187"}],"wp:attachment":[{"href":"https:\/\/lebouquet.brstdev.com\/fr\/wp-json\/wp\/v2\/media?parent=117192"}],"wp:term":[{"taxonomy":"recipe","embeddable":true,"href":"https:\/\/lebouquet.brstdev.com\/fr\/wp-json\/wp\/v2\/recipe?post=117192"},{"taxonomy":"product_brand","embeddable":true,"href":"https:\/\/lebouquet.brstdev.com\/fr\/wp-json\/wp\/v2\/product_brand?post=117192"},{"taxonomy":"product_cat","embeddable":true,"href":"https:\/\/lebouquet.brstdev.com\/fr\/wp-json\/wp\/v2\/product_cat?post=117192"},{"taxonomy":"product_tag","embeddable":true,"href":"https:\/\/lebouquet.brstdev.com\/fr\/wp-json\/wp\/v2\/product_tag?post=117192"}],"curies":[{"name":"wp","href":"https:\/\/api.w.org\/{rel}","templated":true}]}}