{"id":117180,"date":"2025-07-15T11:57:32","date_gmt":"2025-07-15T15:57:32","guid":{"rendered":"https:\/\/www.lebouquet.com\/farrah-fawn\/"},"modified":"2026-03-28T03:40:45","modified_gmt":"2026-03-28T07:40:45","slug":"farrah-le-faon","status":"publish","type":"product","link":"https:\/\/lebouquet.brstdev.com\/fr\/farrah-le-faon\/","title":{"rendered":"Farrah le Faon"},"content":{"rendered":"<p>Voici Farrah le Faon \u2013 douce, apaisante et id\u00e9ale pour les petites mains. La peluche hochet Farrah le Faon est con\u00e7ue pour offrir confort, \u00e9veil et tendresse aux tout-petits. Avec son doux bruit de hochet, son anneau de dentition rose sans BPA et ses textures ultra-douces, elle stimule les sens du b\u00e9b\u00e9 tout en soulageant les pouss\u00e9es dentaires. L\u00e9g\u00e8re et facile \u00e0 attraper, c\u2019est un cadeau parfait pour une naissance ou une f\u00eate pr\u00e9natale. Farrah le Faon allie douceur et d\u00e9veloppement sensoriel.<\/p>\n","protected":false},"excerpt":{"rendered":"<p>Voici Farrah le Faon \u2013 douce, apaisante et id\u00e9ale pour les petites mains. La peluche hochet Farrah le Faon est con\u00e7ue pour offrir confort, \u00e9veil et tendresse aux tout-petits. Avec son doux bruit de hochet, son anneau de dentition rose sans BPA et ses textures ultra-douces, elle stimule les sens du b\u00e9b\u00e9 tout en soulageant [&hellip;]<\/p>\n","protected":false},"featured_media":117182,"comment_status":"open","ping_status":"closed","template":"","meta":{"_acf_changed":false},"recipe":[],"product_brand":[],"product_cat":[7648,17153,7652,7594],"product_tag":[],"class_list":{"0":"post-117180","1":"product","2":"type-product","3":"status-publish","4":"has-post-thumbnail","6":"product_cat-cadeaux","7":"product_cat-fleurs-occasions-montreal","8":"product_cat-jouets-en-peluche","9":"product_cat-naissances-evenements","11":"first","12":"instock","13":"shipping-taxable","14":"purchasable","15":"product-type-simple"},"acf":[],"_links":{"self":[{"href":"https:\/\/lebouquet.brstdev.com\/fr\/wp-json\/wp\/v2\/product\/117180","targetHints":{"allow":["GET"]}}],"collection":[{"href":"https:\/\/lebouquet.brstdev.com\/fr\/wp-json\/wp\/v2\/product"}],"about":[{"href":"https:\/\/lebouquet.brstdev.com\/fr\/wp-json\/wp\/v2\/types\/product"}],"replies":[{"embeddable":true,"href":"https:\/\/lebouquet.brstdev.com\/fr\/wp-json\/wp\/v2\/comments?post=117180"}],"wp:featuredmedia":[{"embeddable":true,"href":"https:\/\/lebouquet.brstdev.com\/fr\/wp-json\/wp\/v2\/media\/117182"}],"wp:attachment":[{"href":"https:\/\/lebouquet.brstdev.com\/fr\/wp-json\/wp\/v2\/media?parent=117180"}],"wp:term":[{"taxonomy":"recipe","embeddable":true,"href":"https:\/\/lebouquet.brstdev.com\/fr\/wp-json\/wp\/v2\/recipe?post=117180"},{"taxonomy":"product_brand","embeddable":true,"href":"https:\/\/lebouquet.brstdev.com\/fr\/wp-json\/wp\/v2\/product_brand?post=117180"},{"taxonomy":"product_cat","embeddable":true,"href":"https:\/\/lebouquet.brstdev.com\/fr\/wp-json\/wp\/v2\/product_cat?post=117180"},{"taxonomy":"product_tag","embeddable":true,"href":"https:\/\/lebouquet.brstdev.com\/fr\/wp-json\/wp\/v2\/product_tag?post=117180"}],"curies":[{"name":"wp","href":"https:\/\/api.w.org\/{rel}","templated":true}]}}