{"id":117167,"date":"2025-07-15T11:39:21","date_gmt":"2025-07-15T15:39:21","guid":{"rendered":"https:\/\/www.lebouquet.com\/chocolate-lab-lil-handful\/"},"modified":"2025-08-13T06:16:40","modified_gmt":"2025-08-13T10:16:40","slug":"petit-labrador-au-chocolat","status":"publish","type":"product","link":"https:\/\/lebouquet.brstdev.com\/fr\/petit-labrador-au-chocolat\/","title":{"rendered":"Petit Labrador au Chocolat"},"content":{"rendered":"<p>Voici le Petit Labrador au Chocolat \u2013 miniature, douillet et plein d\u2019amour. Ce petit chiot couleur chocolat est doux, endormi et parfaitement adapt\u00e9 \u00e0 la paume de votre main. Avec ses oreilles tombantes, ses traits cousus avec soin et sa fourrure velout\u00e9e, le Petit Labrador au Chocolat est un compagnon irr\u00e9sistible pour tous les amoureux des chiens. Cadeau, ami de sieste ou souvenir tendre, il est toujours pr\u00eat \u00e0 r\u00e9chauffer les c\u0153urs.<\/p>\n","protected":false},"excerpt":{"rendered":"<p>Voici le Petit Labrador au Chocolat \u2013 miniature, douillet et plein d\u2019amour. Ce petit chiot couleur chocolat est doux, endormi et parfaitement adapt\u00e9 \u00e0 la paume de votre main. Avec ses oreilles tombantes, ses traits cousus avec soin et sa fourrure velout\u00e9e, le Petit Labrador au Chocolat est un compagnon irr\u00e9sistible pour tous les amoureux [&hellip;]<\/p>\n","protected":false},"featured_media":117162,"comment_status":"open","ping_status":"closed","template":"","meta":{"_acf_changed":false},"recipe":[],"product_brand":[],"product_cat":[7648,7647,7652,7651],"product_tag":[],"class_list":{"0":"post-117167","1":"product","2":"type-product","3":"status-publish","4":"has-post-thumbnail","6":"product_cat-cadeaux","7":"product_cat-gift-shop","8":"product_cat-jouets-en-peluche","9":"product_cat-plush-toys","11":"first","12":"instock","13":"shipping-taxable","14":"purchasable","15":"product-type-simple"},"acf":[],"_links":{"self":[{"href":"https:\/\/lebouquet.brstdev.com\/fr\/wp-json\/wp\/v2\/product\/117167","targetHints":{"allow":["GET"]}}],"collection":[{"href":"https:\/\/lebouquet.brstdev.com\/fr\/wp-json\/wp\/v2\/product"}],"about":[{"href":"https:\/\/lebouquet.brstdev.com\/fr\/wp-json\/wp\/v2\/types\/product"}],"replies":[{"embeddable":true,"href":"https:\/\/lebouquet.brstdev.com\/fr\/wp-json\/wp\/v2\/comments?post=117167"}],"wp:featuredmedia":[{"embeddable":true,"href":"https:\/\/lebouquet.brstdev.com\/fr\/wp-json\/wp\/v2\/media\/117162"}],"wp:attachment":[{"href":"https:\/\/lebouquet.brstdev.com\/fr\/wp-json\/wp\/v2\/media?parent=117167"}],"wp:term":[{"taxonomy":"recipe","embeddable":true,"href":"https:\/\/lebouquet.brstdev.com\/fr\/wp-json\/wp\/v2\/recipe?post=117167"},{"taxonomy":"product_brand","embeddable":true,"href":"https:\/\/lebouquet.brstdev.com\/fr\/wp-json\/wp\/v2\/product_brand?post=117167"},{"taxonomy":"product_cat","embeddable":true,"href":"https:\/\/lebouquet.brstdev.com\/fr\/wp-json\/wp\/v2\/product_cat?post=117167"},{"taxonomy":"product_tag","embeddable":true,"href":"https:\/\/lebouquet.brstdev.com\/fr\/wp-json\/wp\/v2\/product_tag?post=117167"}],"curies":[{"name":"wp","href":"https:\/\/api.w.org\/{rel}","templated":true}]}}