{"id":117160,"date":"2025-07-15T11:29:24","date_gmt":"2025-07-15T15:29:24","guid":{"rendered":"https:\/\/www.lebouquet.com\/cream-dog-lil-handful\/"},"modified":"2025-08-13T06:16:40","modified_gmt":"2025-08-13T10:16:40","slug":"petit-chiot-creme","status":"publish","type":"product","link":"https:\/\/lebouquet.brstdev.com\/fr\/petit-chiot-creme\/","title":{"rendered":"Petit Chiot Cr\u00e8me"},"content":{"rendered":"<p>Voici le Petit Chiot Cr\u00e8me \u2013 miniature, c\u00e2lin et plein de tendresse. Cette peluche toute douce tient parfaitement dans la main, avec ses longues oreilles, ses yeux attendrissants et sa fourrure cr\u00e8me et brune. Fabriqu\u00e9 avec des mat\u00e9riaux de qualit\u00e9, le Petit Chiot Cr\u00e8me est le compagnon id\u00e9al au format de poche pour les enfants, les amoureux des chiens ou tous ceux qui ont besoin d\u2019un petit moment de douceur. Un cadeau parfait ou un souvenir \u00e0 ch\u00e9rir.<\/p>\n","protected":false},"excerpt":{"rendered":"<p>Voici le Petit Chiot Cr\u00e8me \u2013 miniature, c\u00e2lin et plein de tendresse. Cette peluche toute douce tient parfaitement dans la main, avec ses longues oreilles, ses yeux attendrissants et sa fourrure cr\u00e8me et brune. Fabriqu\u00e9 avec des mat\u00e9riaux de qualit\u00e9, le Petit Chiot Cr\u00e8me est le compagnon id\u00e9al au format de poche pour les enfants, [&hellip;]<\/p>\n","protected":false},"featured_media":117153,"comment_status":"open","ping_status":"closed","template":"","meta":{"_acf_changed":false},"recipe":[],"product_brand":[],"product_cat":[7648,7647,7652,7651],"product_tag":[],"class_list":{"0":"post-117160","1":"product","2":"type-product","3":"status-publish","4":"has-post-thumbnail","6":"product_cat-cadeaux","7":"product_cat-gift-shop","8":"product_cat-jouets-en-peluche","9":"product_cat-plush-toys","11":"first","12":"instock","13":"shipping-taxable","14":"purchasable","15":"product-type-simple"},"acf":[],"_links":{"self":[{"href":"https:\/\/lebouquet.brstdev.com\/fr\/wp-json\/wp\/v2\/product\/117160","targetHints":{"allow":["GET"]}}],"collection":[{"href":"https:\/\/lebouquet.brstdev.com\/fr\/wp-json\/wp\/v2\/product"}],"about":[{"href":"https:\/\/lebouquet.brstdev.com\/fr\/wp-json\/wp\/v2\/types\/product"}],"replies":[{"embeddable":true,"href":"https:\/\/lebouquet.brstdev.com\/fr\/wp-json\/wp\/v2\/comments?post=117160"}],"wp:featuredmedia":[{"embeddable":true,"href":"https:\/\/lebouquet.brstdev.com\/fr\/wp-json\/wp\/v2\/media\/117153"}],"wp:attachment":[{"href":"https:\/\/lebouquet.brstdev.com\/fr\/wp-json\/wp\/v2\/media?parent=117160"}],"wp:term":[{"taxonomy":"recipe","embeddable":true,"href":"https:\/\/lebouquet.brstdev.com\/fr\/wp-json\/wp\/v2\/recipe?post=117160"},{"taxonomy":"product_brand","embeddable":true,"href":"https:\/\/lebouquet.brstdev.com\/fr\/wp-json\/wp\/v2\/product_brand?post=117160"},{"taxonomy":"product_cat","embeddable":true,"href":"https:\/\/lebouquet.brstdev.com\/fr\/wp-json\/wp\/v2\/product_cat?post=117160"},{"taxonomy":"product_tag","embeddable":true,"href":"https:\/\/lebouquet.brstdev.com\/fr\/wp-json\/wp\/v2\/product_tag?post=117160"}],"curies":[{"name":"wp","href":"https:\/\/api.w.org\/{rel}","templated":true}]}}