{"id":117151,"date":"2025-07-15T11:21:11","date_gmt":"2025-07-15T15:21:11","guid":{"rendered":"https:\/\/www.lebouquet.com\/graham-the-golden-bear\/"},"modified":"2026-01-10T14:07:12","modified_gmt":"2026-01-10T19:07:12","slug":"graham-lours-dore","status":"publish","type":"product","link":"https:\/\/lebouquet.brstdev.com\/fr\/graham-lours-dore\/","title":{"rendered":"Graham l\u2019Ours Dor\u00e9"},"content":{"rendered":"<p>Voici Graham l\u2019Ours Dor\u00e9 \u2013 intemporel, doux et plein de tendresse. Avec sa fourrure couleur miel dor\u00e9, son joli ruban satin\u00e9 et son regard attendrissant, Graham l\u2019Ours Dor\u00e9 est la peluche parfaite pour offrir r\u00e9confort et douceur. Fabriqu\u00e9 avec des mat\u00e9riaux ultra-doux et un design classique, il \u00e9voque chaleur et nostalgie \u00e0 chaque c\u00e2lin. Que ce soit pour une naissance, un premier ours ou un souvenir \u00e0 ch\u00e9rir, Graham est un ami c\u00e2lin inoubliable.<\/p>\n","protected":false},"excerpt":{"rendered":"<p>Voici Graham l\u2019Ours Dor\u00e9 \u2013 intemporel, doux et plein de tendresse. Avec sa fourrure couleur miel dor\u00e9, son joli ruban satin\u00e9 et son regard attendrissant, Graham l\u2019Ours Dor\u00e9 est la peluche parfaite pour offrir r\u00e9confort et douceur. Fabriqu\u00e9 avec des mat\u00e9riaux ultra-doux et un design classique, il \u00e9voque chaleur et nostalgie \u00e0 chaque c\u00e2lin. Que [&hellip;]<\/p>\n","protected":false},"featured_media":117146,"comment_status":"open","ping_status":"closed","template":"","meta":{"_acf_changed":false},"recipe":[],"product_brand":[],"product_cat":[7648,7652],"product_tag":[],"class_list":{"0":"post-117151","1":"product","2":"type-product","3":"status-publish","4":"has-post-thumbnail","6":"product_cat-cadeaux","7":"product_cat-jouets-en-peluche","9":"first","10":"instock","11":"shipping-taxable","12":"purchasable","13":"product-type-simple"},"acf":[],"_links":{"self":[{"href":"https:\/\/lebouquet.brstdev.com\/fr\/wp-json\/wp\/v2\/product\/117151","targetHints":{"allow":["GET"]}}],"collection":[{"href":"https:\/\/lebouquet.brstdev.com\/fr\/wp-json\/wp\/v2\/product"}],"about":[{"href":"https:\/\/lebouquet.brstdev.com\/fr\/wp-json\/wp\/v2\/types\/product"}],"replies":[{"embeddable":true,"href":"https:\/\/lebouquet.brstdev.com\/fr\/wp-json\/wp\/v2\/comments?post=117151"}],"wp:featuredmedia":[{"embeddable":true,"href":"https:\/\/lebouquet.brstdev.com\/fr\/wp-json\/wp\/v2\/media\/117146"}],"wp:attachment":[{"href":"https:\/\/lebouquet.brstdev.com\/fr\/wp-json\/wp\/v2\/media?parent=117151"}],"wp:term":[{"taxonomy":"recipe","embeddable":true,"href":"https:\/\/lebouquet.brstdev.com\/fr\/wp-json\/wp\/v2\/recipe?post=117151"},{"taxonomy":"product_brand","embeddable":true,"href":"https:\/\/lebouquet.brstdev.com\/fr\/wp-json\/wp\/v2\/product_brand?post=117151"},{"taxonomy":"product_cat","embeddable":true,"href":"https:\/\/lebouquet.brstdev.com\/fr\/wp-json\/wp\/v2\/product_cat?post=117151"},{"taxonomy":"product_tag","embeddable":true,"href":"https:\/\/lebouquet.brstdev.com\/fr\/wp-json\/wp\/v2\/product_tag?post=117151"}],"curies":[{"name":"wp","href":"https:\/\/api.w.org\/{rel}","templated":true}]}}