{"id":117144,"date":"2025-07-15T11:13:13","date_gmt":"2025-07-15T15:13:13","guid":{"rendered":"https:\/\/www.lebouquet.com\/blitzen-the-sloth\/"},"modified":"2025-08-13T06:16:41","modified_gmt":"2025-08-13T10:16:41","slug":"blisten-le-paresseux","status":"publish","type":"product","link":"https:\/\/lebouquet.brstdev.com\/fr\/blisten-le-paresseux\/","title":{"rendered":"Blisten le Paresseux"},"content":{"rendered":"<p>Voici Blisten le Paresseux \u2013 douillet, c\u00e2lin et pr\u00eat \u00e0 se d\u00e9tendre. Avec sa fourrure grise toute douce et son adorable bonnet bleu d\u2019hiver, Blisten est le compagnon id\u00e9al pour les journ\u00e9es tranquilles. Son visage attendrissant et son corps moelleux en font une peluche parfaite \u00e0 offrir ou \u00e0 garder pr\u00e8s de soi pour des moments de tendresse. Que ce soit pour se reposer ou d\u00e9corer avec une touche d\u2019humour, Blisten apporte une dose de calme et de douceur partout o\u00f9 il va.<\/p>\n","protected":false},"excerpt":{"rendered":"<p>Voici Blisten le Paresseux \u2013 douillet, c\u00e2lin et pr\u00eat \u00e0 se d\u00e9tendre. Avec sa fourrure grise toute douce et son adorable bonnet bleu d\u2019hiver, Blisten est le compagnon id\u00e9al pour les journ\u00e9es tranquilles. Son visage attendrissant et son corps moelleux en font une peluche parfaite \u00e0 offrir ou \u00e0 garder pr\u00e8s de soi pour des [&hellip;]<\/p>\n","protected":false},"featured_media":117139,"comment_status":"open","ping_status":"closed","template":"","meta":{"_acf_changed":false},"recipe":[],"product_brand":[],"product_cat":[7648,7647,7652,7651],"product_tag":[],"class_list":{"0":"post-117144","1":"product","2":"type-product","3":"status-publish","4":"has-post-thumbnail","6":"product_cat-cadeaux","7":"product_cat-gift-shop","8":"product_cat-jouets-en-peluche","9":"product_cat-plush-toys","11":"first","12":"instock","13":"shipping-taxable","14":"purchasable","15":"product-type-simple"},"acf":[],"_links":{"self":[{"href":"https:\/\/lebouquet.brstdev.com\/fr\/wp-json\/wp\/v2\/product\/117144","targetHints":{"allow":["GET"]}}],"collection":[{"href":"https:\/\/lebouquet.brstdev.com\/fr\/wp-json\/wp\/v2\/product"}],"about":[{"href":"https:\/\/lebouquet.brstdev.com\/fr\/wp-json\/wp\/v2\/types\/product"}],"replies":[{"embeddable":true,"href":"https:\/\/lebouquet.brstdev.com\/fr\/wp-json\/wp\/v2\/comments?post=117144"}],"wp:featuredmedia":[{"embeddable":true,"href":"https:\/\/lebouquet.brstdev.com\/fr\/wp-json\/wp\/v2\/media\/117139"}],"wp:attachment":[{"href":"https:\/\/lebouquet.brstdev.com\/fr\/wp-json\/wp\/v2\/media?parent=117144"}],"wp:term":[{"taxonomy":"recipe","embeddable":true,"href":"https:\/\/lebouquet.brstdev.com\/fr\/wp-json\/wp\/v2\/recipe?post=117144"},{"taxonomy":"product_brand","embeddable":true,"href":"https:\/\/lebouquet.brstdev.com\/fr\/wp-json\/wp\/v2\/product_brand?post=117144"},{"taxonomy":"product_cat","embeddable":true,"href":"https:\/\/lebouquet.brstdev.com\/fr\/wp-json\/wp\/v2\/product_cat?post=117144"},{"taxonomy":"product_tag","embeddable":true,"href":"https:\/\/lebouquet.brstdev.com\/fr\/wp-json\/wp\/v2\/product_tag?post=117144"}],"curies":[{"name":"wp","href":"https:\/\/api.w.org\/{rel}","templated":true}]}}