{"id":117132,"date":"2025-07-15T10:41:56","date_gmt":"2025-07-15T14:41:56","guid":{"rendered":"https:\/\/www.lebouquet.com\/lil-baby-panda\/"},"modified":"2025-08-13T06:16:42","modified_gmt":"2025-08-13T10:16:42","slug":"petit-panda-bebe","status":"publish","type":"product","link":"https:\/\/lebouquet.brstdev.com\/fr\/petit-panda-bebe\/","title":{"rendered":"Petit Panda B\u00e9b\u00e9"},"content":{"rendered":"<p>Apportez une touche sauvage \u00e0 la maison avec cette adorable peluche panda au format mini ! Confectionn\u00e9 \u00e0 partir de mat\u00e9riaux ultra-doux et de haute qualit\u00e9, le Petit Panda B\u00e9b\u00e9 arbore une fourrure noire et blanche classique, des yeux attendrissants et une taille parfaite pour les enfants ou les amoureux de la nature. Que ce soit pour jouer, dormir ou d\u00e9corer, ce petit panda tout mignon apporte une touche de tendresse partout o\u00f9 il passe.<\/p>\n","protected":false},"excerpt":{"rendered":"<p>Apportez une touche sauvage \u00e0 la maison avec cette adorable peluche panda au format mini ! Confectionn\u00e9 \u00e0 partir de mat\u00e9riaux ultra-doux et de haute qualit\u00e9, le Petit Panda B\u00e9b\u00e9 arbore une fourrure noire et blanche classique, des yeux attendrissants et une taille parfaite pour les enfants ou les amoureux de la nature. Que ce [&hellip;]<\/p>\n","protected":false},"featured_media":117126,"comment_status":"open","ping_status":"closed","template":"","meta":{"_acf_changed":false},"recipe":[],"product_brand":[],"product_cat":[7648,7647,7652,7651],"product_tag":[],"class_list":{"0":"post-117132","1":"product","2":"type-product","3":"status-publish","4":"has-post-thumbnail","6":"product_cat-cadeaux","7":"product_cat-gift-shop","8":"product_cat-jouets-en-peluche","9":"product_cat-plush-toys","11":"first","12":"instock","13":"shipping-taxable","14":"purchasable","15":"product-type-simple"},"acf":[],"_links":{"self":[{"href":"https:\/\/lebouquet.brstdev.com\/fr\/wp-json\/wp\/v2\/product\/117132","targetHints":{"allow":["GET"]}}],"collection":[{"href":"https:\/\/lebouquet.brstdev.com\/fr\/wp-json\/wp\/v2\/product"}],"about":[{"href":"https:\/\/lebouquet.brstdev.com\/fr\/wp-json\/wp\/v2\/types\/product"}],"replies":[{"embeddable":true,"href":"https:\/\/lebouquet.brstdev.com\/fr\/wp-json\/wp\/v2\/comments?post=117132"}],"wp:featuredmedia":[{"embeddable":true,"href":"https:\/\/lebouquet.brstdev.com\/fr\/wp-json\/wp\/v2\/media\/117126"}],"wp:attachment":[{"href":"https:\/\/lebouquet.brstdev.com\/fr\/wp-json\/wp\/v2\/media?parent=117132"}],"wp:term":[{"taxonomy":"recipe","embeddable":true,"href":"https:\/\/lebouquet.brstdev.com\/fr\/wp-json\/wp\/v2\/recipe?post=117132"},{"taxonomy":"product_brand","embeddable":true,"href":"https:\/\/lebouquet.brstdev.com\/fr\/wp-json\/wp\/v2\/product_brand?post=117132"},{"taxonomy":"product_cat","embeddable":true,"href":"https:\/\/lebouquet.brstdev.com\/fr\/wp-json\/wp\/v2\/product_cat?post=117132"},{"taxonomy":"product_tag","embeddable":true,"href":"https:\/\/lebouquet.brstdev.com\/fr\/wp-json\/wp\/v2\/product_tag?post=117132"}],"curies":[{"name":"wp","href":"https:\/\/api.w.org\/{rel}","templated":true}]}}