{"id":116876,"date":"2025-07-11T10:35:32","date_gmt":"2025-07-11T14:35:32","guid":{"rendered":"https:\/\/www.lebouquet.com\/gerbera-julia-2-tone\/"},"modified":"2025-08-16T09:06:38","modified_gmt":"2025-08-16T13:06:38","slug":"gerbera-julia-2-tons","status":"publish","type":"product","link":"https:\/\/lebouquet.brstdev.com\/fr\/gerbera-julia-2-tons\/","title":{"rendered":"Gerberas Julia 2 tons &#8211; en vrac"},"content":{"rendered":"<p><strong>*Pour garantir la fra\u00eecheur et la disponibilit\u00e9, veuillez passer votre commande au moins 2 semaines \u00e0 l&rsquo;avance.<\/strong><\/p>\n<p>Apportez une touche \u00e9clatante et joyeuse \u00e0 vos cr\u00e9ations florales avec notre <strong>Gerbera Julia 2 tons<\/strong>. Avec ses p\u00e9tales orange vif et son c\u0153ur rose fuchsia saisissant, ce gerbera captivant illumine mariages, c\u00e9l\u00e9brations et arrangements du quotidien. Parfait pour les projets floraux DIY, il est vendu en vrac pour donner vie \u00e0 votre imagination.&nbsp;<\/p>\n","protected":false},"excerpt":{"rendered":"<p>*Pour garantir la fra\u00eecheur et la disponibilit\u00e9, veuillez passer votre commande au moins 2 semaines \u00e0 l&rsquo;avance. Apportez une touche \u00e9clatante et joyeuse \u00e0 vos cr\u00e9ations florales avec notre Gerbera Julia 2 tons. Avec ses p\u00e9tales orange vif et son c\u0153ur rose fuchsia saisissant, ce gerbera captivant illumine mariages, c\u00e9l\u00e9brations et arrangements du quotidien. Parfait [&hellip;]<\/p>\n","protected":false},"featured_media":116852,"comment_status":"open","ping_status":"closed","template":"","meta":{"_acf_changed":false},"recipe":[],"product_brand":[],"product_cat":[18341,17456,17169,7674,18351,17454,17468],"product_tag":[],"class_list":{"0":"post-116876","1":"product","2":"type-product","3":"status-publish","4":"has-post-thumbnail","6":"product_cat-fleurs-en-vrac-par-couleur","7":"product_cat-standard-gerbera","8":"product_cat-fleurs-en-vrac","9":"product_cat-fleurs-en-vrac-gros-montreal","10":"product_cat-fleurs-en-vrac-orange","11":"product_cat-gerbera-en-vrac","12":"product_cat-gerbera-standard-fr","14":"first","15":"instock","16":"shipping-taxable","17":"purchasable","18":"product-type-simple"},"acf":[],"_links":{"self":[{"href":"https:\/\/lebouquet.brstdev.com\/fr\/wp-json\/wp\/v2\/product\/116876","targetHints":{"allow":["GET"]}}],"collection":[{"href":"https:\/\/lebouquet.brstdev.com\/fr\/wp-json\/wp\/v2\/product"}],"about":[{"href":"https:\/\/lebouquet.brstdev.com\/fr\/wp-json\/wp\/v2\/types\/product"}],"replies":[{"embeddable":true,"href":"https:\/\/lebouquet.brstdev.com\/fr\/wp-json\/wp\/v2\/comments?post=116876"}],"wp:featuredmedia":[{"embeddable":true,"href":"https:\/\/lebouquet.brstdev.com\/fr\/wp-json\/wp\/v2\/media\/116852"}],"wp:attachment":[{"href":"https:\/\/lebouquet.brstdev.com\/fr\/wp-json\/wp\/v2\/media?parent=116876"}],"wp:term":[{"taxonomy":"recipe","embeddable":true,"href":"https:\/\/lebouquet.brstdev.com\/fr\/wp-json\/wp\/v2\/recipe?post=116876"},{"taxonomy":"product_brand","embeddable":true,"href":"https:\/\/lebouquet.brstdev.com\/fr\/wp-json\/wp\/v2\/product_brand?post=116876"},{"taxonomy":"product_cat","embeddable":true,"href":"https:\/\/lebouquet.brstdev.com\/fr\/wp-json\/wp\/v2\/product_cat?post=116876"},{"taxonomy":"product_tag","embeddable":true,"href":"https:\/\/lebouquet.brstdev.com\/fr\/wp-json\/wp\/v2\/product_tag?post=116876"}],"curies":[{"name":"wp","href":"https:\/\/api.w.org\/{rel}","templated":true}]}}