{"id":116612,"date":"2025-07-07T12:44:54","date_gmt":"2025-07-07T16:44:54","guid":{"rendered":"https:\/\/www.lebouquet.com\/gerbera-davina-bulk-diy\/"},"modified":"2025-08-13T06:16:45","modified_gmt":"2025-08-13T10:16:45","slug":"gerbera-davina-en-vrac","status":"publish","type":"product","link":"https:\/\/lebouquet.brstdev.com\/fr\/gerbera-davina-en-vrac\/","title":{"rendered":"Gerberas Davina &#8211; en vrac"},"content":{"rendered":"<p><strong>*Pour garantir la fra\u00eecheur des fleurs et leur disponibilit\u00e9, veuillez passer votre commande 2 \u00e0 3 semaines \u00e0 l&rsquo;avance.<\/strong><\/p>\n<p>Apportez une touche douce et romantique \u00e0 vos cr\u00e9ations florales avec notre <strong>Gerbera Davina<\/strong>. Ces magnifiques gerberas rose p\u00e2le au c\u0153ur d\u00e9licat ajoutent une note de tendresse aux mariages, baby showers, anniversaires et arrangements du quotidien. Vendues en vrac, ces fleurs fra\u00eeches sont id\u00e9ales pour les passionn\u00e9s de DIY et les fleuristes \u00e9v\u00e9nementiels.<\/p>\n","protected":false},"excerpt":{"rendered":"<p>*Pour garantir la fra\u00eecheur des fleurs et leur disponibilit\u00e9, veuillez passer votre commande 2 \u00e0 3 semaines \u00e0 l&rsquo;avance. Apportez une touche douce et romantique \u00e0 vos cr\u00e9ations florales avec notre Gerbera Davina. Ces magnifiques gerberas rose p\u00e2le au c\u0153ur d\u00e9licat ajoutent une note de tendresse aux mariages, baby showers, anniversaires et arrangements du quotidien. [&hellip;]<\/p>\n","protected":false},"featured_media":116588,"comment_status":"open","ping_status":"closed","template":"","meta":{"_acf_changed":false},"recipe":[],"product_brand":[],"product_cat":[7673,17168,17416,17456,17169,7674,17454,17468],"product_tag":[],"class_list":{"0":"post-116612","1":"product","2":"type-product","3":"status-publish","4":"has-post-thumbnail","6":"product_cat-bulk-wholesale-flowers-montreal","7":"product_cat-bulk-flowers","8":"product_cat-bulk-gerbera","9":"product_cat-standard-gerbera","10":"product_cat-fleurs-en-vrac","11":"product_cat-fleurs-en-vrac-gros-montreal","12":"product_cat-gerbera-en-vrac","13":"product_cat-gerbera-standard-fr","15":"first","16":"instock","17":"shipping-taxable","18":"purchasable","19":"product-type-simple"},"acf":[],"_links":{"self":[{"href":"https:\/\/lebouquet.brstdev.com\/fr\/wp-json\/wp\/v2\/product\/116612","targetHints":{"allow":["GET"]}}],"collection":[{"href":"https:\/\/lebouquet.brstdev.com\/fr\/wp-json\/wp\/v2\/product"}],"about":[{"href":"https:\/\/lebouquet.brstdev.com\/fr\/wp-json\/wp\/v2\/types\/product"}],"replies":[{"embeddable":true,"href":"https:\/\/lebouquet.brstdev.com\/fr\/wp-json\/wp\/v2\/comments?post=116612"}],"wp:featuredmedia":[{"embeddable":true,"href":"https:\/\/lebouquet.brstdev.com\/fr\/wp-json\/wp\/v2\/media\/116588"}],"wp:attachment":[{"href":"https:\/\/lebouquet.brstdev.com\/fr\/wp-json\/wp\/v2\/media?parent=116612"}],"wp:term":[{"taxonomy":"recipe","embeddable":true,"href":"https:\/\/lebouquet.brstdev.com\/fr\/wp-json\/wp\/v2\/recipe?post=116612"},{"taxonomy":"product_brand","embeddable":true,"href":"https:\/\/lebouquet.brstdev.com\/fr\/wp-json\/wp\/v2\/product_brand?post=116612"},{"taxonomy":"product_cat","embeddable":true,"href":"https:\/\/lebouquet.brstdev.com\/fr\/wp-json\/wp\/v2\/product_cat?post=116612"},{"taxonomy":"product_tag","embeddable":true,"href":"https:\/\/lebouquet.brstdev.com\/fr\/wp-json\/wp\/v2\/product_tag?post=116612"}],"curies":[{"name":"wp","href":"https:\/\/api.w.org\/{rel}","templated":true}]}}