{"id":116075,"date":"2025-06-21T14:09:26","date_gmt":"2025-06-21T18:09:26","guid":{"rendered":"https:\/\/www.lebouquet.com\/quiet-muse\/"},"modified":"2025-08-13T06:16:47","modified_gmt":"2025-08-13T10:16:47","slug":"muse-silencieuse","status":"publish","type":"product","link":"https:\/\/lebouquet.brstdev.com\/fr\/muse-silencieuse\/","title":{"rendered":"Muse Silencieuse"},"content":{"rendered":"<p>Minimaliste et pleine de caract\u00e8re, la jardini\u00e8re Muse Silencieuse ajoute une touche de calme et d\u2019\u00e9l\u00e9gance artistique \u00e0 tout espace. Son visage serein, fa\u00e7onn\u00e9 en c\u00e9ramique taupe mate, s\u2019harmonise parfaitement avec des feuillages structur\u00e9s comme les sansevi\u00e8res ou les succulentes. Une pi\u00e8ce d\u00e9co id\u00e9ale pour un bureau, une \u00e9tag\u00e8re ou en cadeau.<\/p>\n<p>Dimensions :<br \/>Hauteur : 8 pouces<br \/>Largeur : 5,5 pouces<\/p>\n","protected":false},"excerpt":{"rendered":"<p>Minimaliste et pleine de caract\u00e8re, la jardini\u00e8re Muse Silencieuse ajoute une touche de calme et d\u2019\u00e9l\u00e9gance artistique \u00e0 tout espace. Son visage serein, fa\u00e7onn\u00e9 en c\u00e9ramique taupe mate, s\u2019harmonise parfaitement avec des feuillages structur\u00e9s comme les sansevi\u00e8res ou les succulentes. Une pi\u00e8ce d\u00e9co id\u00e9ale pour un bureau, une \u00e9tag\u00e8re ou en cadeau. Dimensions :Hauteur : [&hellip;]<\/p>\n","protected":false},"featured_media":116071,"comment_status":"open","ping_status":"closed","template":"","meta":{"_acf_changed":false},"recipe":[],"product_brand":[],"product_cat":[7645,18053,7646,18052,7554,7553],"product_tag":[],"class_list":{"0":"post-116075","1":"product","2":"type-product","3":"status-publish","4":"has-post-thumbnail","6":"product_cat-flowering-and-green-plants","7":"product_cat-plantes","8":"product_cat-plantes-vertes-et-fleuries","9":"product_cat-plants","10":"product_cat-populaires","11":"product_cat-popular","13":"first","14":"instock","15":"shipping-taxable","16":"purchasable","17":"product-type-simple"},"acf":[],"_links":{"self":[{"href":"https:\/\/lebouquet.brstdev.com\/fr\/wp-json\/wp\/v2\/product\/116075","targetHints":{"allow":["GET"]}}],"collection":[{"href":"https:\/\/lebouquet.brstdev.com\/fr\/wp-json\/wp\/v2\/product"}],"about":[{"href":"https:\/\/lebouquet.brstdev.com\/fr\/wp-json\/wp\/v2\/types\/product"}],"replies":[{"embeddable":true,"href":"https:\/\/lebouquet.brstdev.com\/fr\/wp-json\/wp\/v2\/comments?post=116075"}],"wp:featuredmedia":[{"embeddable":true,"href":"https:\/\/lebouquet.brstdev.com\/fr\/wp-json\/wp\/v2\/media\/116071"}],"wp:attachment":[{"href":"https:\/\/lebouquet.brstdev.com\/fr\/wp-json\/wp\/v2\/media?parent=116075"}],"wp:term":[{"taxonomy":"recipe","embeddable":true,"href":"https:\/\/lebouquet.brstdev.com\/fr\/wp-json\/wp\/v2\/recipe?post=116075"},{"taxonomy":"product_brand","embeddable":true,"href":"https:\/\/lebouquet.brstdev.com\/fr\/wp-json\/wp\/v2\/product_brand?post=116075"},{"taxonomy":"product_cat","embeddable":true,"href":"https:\/\/lebouquet.brstdev.com\/fr\/wp-json\/wp\/v2\/product_cat?post=116075"},{"taxonomy":"product_tag","embeddable":true,"href":"https:\/\/lebouquet.brstdev.com\/fr\/wp-json\/wp\/v2\/product_tag?post=116075"}],"curies":[{"name":"wp","href":"https:\/\/api.w.org\/{rel}","templated":true}]}}