{"id":115598,"date":"2025-06-16T11:29:55","date_gmt":"2025-06-16T15:29:55","guid":{"rendered":"https:\/\/www.lebouquet.com\/mini-gerbera-lollipop-bulk-diy\/"},"modified":"2025-08-13T06:16:52","modified_gmt":"2025-08-13T10:16:52","slug":"mini-gerberas-lollipop-en-vrac","status":"publish","type":"product","link":"https:\/\/lebouquet.brstdev.com\/fr\/mini-gerberas-lollipop-en-vrac\/","title":{"rendered":"Mini Gerberas Lollipop &#8211; en vrac"},"content":{"rendered":"<p><i><strong>*Pour garantir la fra\u00eecheur et la disponibilit\u00e9, veuillez commander 2 \u00e0 3 semaines \u00e0 l&rsquo;avance.<\/strong><\/i><\/p>\n<p>Ajoutez une touche ludique et sucr\u00e9e \u00e0 vos compositions florales gr\u00e2ce \u00e0 nos <strong>mini gerberas Lollipop<\/strong> cultiv\u00e9s localement. Avec leurs p\u00e9tales rose p\u00e2le aux pointes plus fonc\u00e9es et leur centre contrast\u00e9 fonc\u00e9, ces fleurs attirent le regard et s\u2019int\u00e8grent parfaitement aux arrangements DIY aux tons pastel ou originaux. Chaque tige mesure entre 22 et 24 pouces, apportant mouvement, texture et couleur \u00e0 vos cr\u00e9ations.<\/p>\n<p>Id\u00e9al pour les f\u00eates printani\u00e8res, les baby showers ou toute d\u00e9coration florale pleine de fantaisie.<\/p>\n<p><strong>Caract\u00e9ristiques :<\/strong><\/p>\n<p><strong>Longueur :<\/strong> 22 \u00e0 24 pouces<\/p>\n<p><strong>Couleur :<\/strong> Rose p\u00e2le avec pointes plus fonc\u00e9es et centre fonc\u00e9<\/p>\n<p><strong>Id\u00e9al pour :<\/strong> Bouquets DIY, baby showers, \u00e9v\u00e9nements printaniers, compositions joyeuses<\/p>\n<p><strong>Conseils de pr\u00e9paration et d\u2019entretien :<\/strong><\/p>\n<p>D\u00e9ballez d\u00e8s r\u00e9ception et retirez l\u2019emballage.<\/p>\n<p>Coupez les tiges en biais et placez-les dans de l\u2019eau propre.<\/p>\n<p>Conservez dans un endroit frais, \u00e0 l\u2019abri du soleil.<\/p>\n<p>Changez l\u2019eau et recoupez les tiges tous les 2 \u00e0 3 jours.<\/p>\n","protected":false},"excerpt":{"rendered":"<p>*Pour garantir la fra\u00eecheur et la disponibilit\u00e9, veuillez commander 2 \u00e0 3 semaines \u00e0 l&rsquo;avance. Ajoutez une touche ludique et sucr\u00e9e \u00e0 vos compositions florales gr\u00e2ce \u00e0 nos mini gerberas Lollipop cultiv\u00e9s localement. Avec leurs p\u00e9tales rose p\u00e2le aux pointes plus fonc\u00e9es et leur centre contrast\u00e9 fonc\u00e9, ces fleurs attirent le regard et s\u2019int\u00e8grent parfaitement [&hellip;]<\/p>\n","protected":false},"featured_media":115572,"comment_status":"open","ping_status":"closed","template":"","meta":{"_acf_changed":false},"recipe":[],"product_brand":[],"product_cat":[7673,17168,17416,17457,17169,7674,17454,17469],"product_tag":[],"class_list":{"0":"post-115598","1":"product","2":"type-product","3":"status-publish","4":"has-post-thumbnail","6":"product_cat-bulk-wholesale-flowers-montreal","7":"product_cat-bulk-flowers","8":"product_cat-bulk-gerbera","9":"product_cat-mini-gerbera","10":"product_cat-fleurs-en-vrac","11":"product_cat-fleurs-en-vrac-gros-montreal","12":"product_cat-gerbera-en-vrac","13":"product_cat-mini-gerbera-fr","15":"first","16":"instock","17":"shipping-taxable","18":"purchasable","19":"product-type-simple"},"acf":[],"_links":{"self":[{"href":"https:\/\/lebouquet.brstdev.com\/fr\/wp-json\/wp\/v2\/product\/115598","targetHints":{"allow":["GET"]}}],"collection":[{"href":"https:\/\/lebouquet.brstdev.com\/fr\/wp-json\/wp\/v2\/product"}],"about":[{"href":"https:\/\/lebouquet.brstdev.com\/fr\/wp-json\/wp\/v2\/types\/product"}],"replies":[{"embeddable":true,"href":"https:\/\/lebouquet.brstdev.com\/fr\/wp-json\/wp\/v2\/comments?post=115598"}],"wp:featuredmedia":[{"embeddable":true,"href":"https:\/\/lebouquet.brstdev.com\/fr\/wp-json\/wp\/v2\/media\/115572"}],"wp:attachment":[{"href":"https:\/\/lebouquet.brstdev.com\/fr\/wp-json\/wp\/v2\/media?parent=115598"}],"wp:term":[{"taxonomy":"recipe","embeddable":true,"href":"https:\/\/lebouquet.brstdev.com\/fr\/wp-json\/wp\/v2\/recipe?post=115598"},{"taxonomy":"product_brand","embeddable":true,"href":"https:\/\/lebouquet.brstdev.com\/fr\/wp-json\/wp\/v2\/product_brand?post=115598"},{"taxonomy":"product_cat","embeddable":true,"href":"https:\/\/lebouquet.brstdev.com\/fr\/wp-json\/wp\/v2\/product_cat?post=115598"},{"taxonomy":"product_tag","embeddable":true,"href":"https:\/\/lebouquet.brstdev.com\/fr\/wp-json\/wp\/v2\/product_tag?post=115598"}],"curies":[{"name":"wp","href":"https:\/\/api.w.org\/{rel}","templated":true}]}}