{"id":114759,"date":"2025-06-07T15:13:53","date_gmt":"2025-06-07T19:13:53","guid":{"rendered":"https:\/\/www.lebouquet.com\/floral-rhapsody\/"},"modified":"2026-03-28T03:24:31","modified_gmt":"2026-03-28T07:24:31","slug":"rhapsodie-florale","status":"publish","type":"product","link":"https:\/\/lebouquet.brstdev.com\/fr\/rhapsodie-florale\/","title":{"rendered":"Rhapsodie Florale"},"content":{"rendered":"<p>Plongez dans l\u2019\u00e9l\u00e9gance avec <i>Rhapsodie Florale<\/i>, une composition florale luxueuse con\u00e7ue pour \u00e9merveiller. Cette collection en \u00e9dition limit\u00e9e marie avec harmonie dahlias, hydrang\u00e9es, roses, girofl\u00e9es, baies d\u2019hypericum et fleurs de saison, soigneusement arrang\u00e9es dans des vases en verre textur\u00e9. Offerte en trois palettes florales distinctes :<\/p>\n<p><strong>Cr\u00e8me et p\u00eache<\/strong> \u2014 dans un vase vert pour une touche douce et fra\u00eeche<\/p>\n<p><strong>Rose et blush<\/strong> \u2014 dans un vase rose pour une ambiance romantique et chaleureuse<\/p>\n<p><strong>Lavande et blanc<\/strong> \u2014 dans un vase mauve pour un style \u00e9l\u00e9gant et apaisant<\/p>\n<p>Parfaite \u00e0 offrir ou comme pi\u00e8ce ma\u00eetresse, <i>Rhapsodie Florale<\/i> est un hommage intemporel \u00e0 la beaut\u00e9 florale.<\/p>\n<p><strong>Dimensions approximatives :<\/strong> 16 po de haut x 16 po de large<br \/><i>Remarque : Les vari\u00e9t\u00e9s de fleurs peuvent l\u00e9g\u00e8rement varier selon la saison.<\/i><\/p>\n","protected":false},"excerpt":{"rendered":"<p>Plongez dans l\u2019\u00e9l\u00e9gance avec Rhapsodie Florale, une composition florale luxueuse con\u00e7ue pour \u00e9merveiller. Cette collection en \u00e9dition limit\u00e9e marie avec harmonie dahlias, hydrang\u00e9es, roses, girofl\u00e9es, baies d\u2019hypericum et fleurs de saison, soigneusement arrang\u00e9es dans des vases en verre textur\u00e9. Offerte en trois palettes florales distinctes : Cr\u00e8me et p\u00eache \u2014 dans un vase vert pour [&hellip;]<\/p>\n","protected":false},"featured_media":114763,"comment_status":"open","ping_status":"closed","template":"","meta":{"_acf_changed":false},"recipe":[],"product_brand":[],"product_cat":[7589,7566,7560,7590,7586,17153,7565,7569,7559,7554,7553,7585,17150,17154],"product_tag":[],"class_list":{"0":"post-114759","1":"product","2":"type-product","3":"status-publish","4":"has-post-thumbnail","6":"product_cat-anniversary-engagement-flowers-montreal","7":"product_cat-arrangements-floraux-montreal","8":"product_cat-fleurs-montreal","9":"product_cat-fleurs-anniversaire-fiancailles-montreal","10":"product_cat-fleurs-roch-hachana-montreal","11":"product_cat-fleurs-occasions-montreal","12":"product_cat-flower-arrangements-montreal","13":"product_cat-flower-occasions-montreal","14":"product_cat-flowers-montreal","15":"product_cat-populaires","16":"product_cat-popular","17":"product_cat-rosh-hashanah-flowers-montreal","18":"product_cat-best-seller","19":"product_cat-best-seller-fr","21":"first","22":"instock","23":"shipping-taxable","24":"purchasable","25":"product-type-simple"},"acf":[],"_links":{"self":[{"href":"https:\/\/lebouquet.brstdev.com\/fr\/wp-json\/wp\/v2\/product\/114759","targetHints":{"allow":["GET"]}}],"collection":[{"href":"https:\/\/lebouquet.brstdev.com\/fr\/wp-json\/wp\/v2\/product"}],"about":[{"href":"https:\/\/lebouquet.brstdev.com\/fr\/wp-json\/wp\/v2\/types\/product"}],"replies":[{"embeddable":true,"href":"https:\/\/lebouquet.brstdev.com\/fr\/wp-json\/wp\/v2\/comments?post=114759"}],"wp:featuredmedia":[{"embeddable":true,"href":"https:\/\/lebouquet.brstdev.com\/fr\/wp-json\/wp\/v2\/media\/114763"}],"wp:attachment":[{"href":"https:\/\/lebouquet.brstdev.com\/fr\/wp-json\/wp\/v2\/media?parent=114759"}],"wp:term":[{"taxonomy":"recipe","embeddable":true,"href":"https:\/\/lebouquet.brstdev.com\/fr\/wp-json\/wp\/v2\/recipe?post=114759"},{"taxonomy":"product_brand","embeddable":true,"href":"https:\/\/lebouquet.brstdev.com\/fr\/wp-json\/wp\/v2\/product_brand?post=114759"},{"taxonomy":"product_cat","embeddable":true,"href":"https:\/\/lebouquet.brstdev.com\/fr\/wp-json\/wp\/v2\/product_cat?post=114759"},{"taxonomy":"product_tag","embeddable":true,"href":"https:\/\/lebouquet.brstdev.com\/fr\/wp-json\/wp\/v2\/product_tag?post=114759"}],"curies":[{"name":"wp","href":"https:\/\/api.w.org\/{rel}","templated":true}]}}