{"id":114173,"date":"2025-05-31T15:22:01","date_gmt":"2025-05-31T19:22:01","guid":{"rendered":"https:\/\/www.lebouquet.com\/mini-gerbera-bentley-bulk-diy\/"},"modified":"2025-08-13T06:17:02","modified_gmt":"2025-08-13T10:17:02","slug":"mini-gerbera-bentley-en-vrac","status":"publish","type":"product","link":"https:\/\/lebouquet.brstdev.com\/fr\/mini-gerbera-bentley-en-vrac\/","title":{"rendered":"Mini Gerbera Bentley &#8211; en vrac"},"content":{"rendered":"<p><strong><u>*Pour garantir la fra\u00eecheur et la disponibilit\u00e9, veuillez passer votre commande 2 \u00e0 3 semaines \u00e0 l&rsquo;avance.<\/u><\/strong><\/p>\n<p>Illuminez vos cr\u00e9ations florales avec nos mini gerberas Bentley rose p\u00e2le, cultiv\u00e9s localement au Canada. Leurs p\u00e9tales d\u00e9licats et leur centre subtil apportent une touche douce et \u00e9l\u00e9gante \u00e0 tous vos projets DIY, bouquets de mariage et d\u00e9corations de table. Chaque tige mesure entre 55 et 60 cm et vous est livr\u00e9e fra\u00eeche, non nettoy\u00e9e et pr\u00eate \u00e0 \u00eatre utilis\u00e9e.<\/p>\n<p><strong>Caract\u00e9ristiques principales<\/strong> :<\/p>\n<p><strong>Longueur<\/strong> : 55\u201360 cm<\/p>\n<p><strong>Couleur<\/strong> : Rose p\u00e2le<\/p>\n<p><strong>Origine<\/strong> : Cultiv\u00e9es localement au Canada<\/p>\n<p><strong>Id\u00e9al pour<\/strong> : Arrangements floraux DIY, mariages, \u00e9v\u00e9nements, d\u00e9coration int\u00e9rieure<\/p>\n<hr>\n<p><strong>Pr\u00e9paration et soins des gerberas<\/strong> :<\/p>\n<p>D\u00e9ballez les fleurs d\u00e8s r\u00e9ception et retirez l\u2019emballage protecteur.<\/p>\n<p>Coupez 2 \u00e0 3 cm des tiges en biais (45\u00b0), et r\u00e9p\u00e9tez tous les 2\u20133 jours.<\/p>\n<p>Placez les tiges dans un vase propre, avec de l\u2019eau fra\u00eeche et un conservateur floral.<\/p>\n<p>Changez l\u2019eau et ajoutez du nouveau conservateur tous les 2\u20133 jours.<\/p>\n<p>Conservez les fleurs dans un endroit frais, \u00e0 l\u2019abri du soleil, des courants d\u2019air et de la chaleur.<\/p>\n<p>\u00c9vitez de placer les fleurs pr\u00e8s de fruits ou l\u00e9gumes m\u00fbrs.<\/p>\n<p>Retirez r\u00e9guli\u00e8rement les p\u00e9tales fan\u00e9s ou ab\u00eem\u00e9s.<\/p>\n<p>Utilisez un vase propre et de l\u2019eau fra\u00eeche lors de tout nouvel agencement.<\/p>\n<hr>\n<p><strong>Disponibilit\u00e9 et d\u00e9tails<\/strong> :<\/p>\n<p><strong>Disponible toute l\u2019ann\u00e9e<\/strong><\/p>\n<p><strong>Commande anticip\u00e9e requise<\/strong> : 2 \u00e0 3 semaines \u00e0 l\u2019avance<\/p>\n<p><strong>Aucune annulation<\/strong> possible \u00e0 moins de deux semaines de la date de livraison<\/p>\n<p>Produit livr\u00e9 <strong>non taill\u00e9 et non nettoy\u00e9<\/strong>, tel que re\u00e7u de la ferme<\/p>\n<p><strong>Les couleurs peuvent varier<\/strong> selon les \u00e9crans<\/p>\n<p><strong>Prix sujets \u00e0 changement<\/strong> selon les saisons et jours f\u00e9ri\u00e9s<\/p>\n<p><strong>Paiement requis<\/strong> avant la livraison<\/p>\n","protected":false},"excerpt":{"rendered":"<p>*Pour garantir la fra\u00eecheur et la disponibilit\u00e9, veuillez passer votre commande 2 \u00e0 3 semaines \u00e0 l&rsquo;avance. Illuminez vos cr\u00e9ations florales avec nos mini gerberas Bentley rose p\u00e2le, cultiv\u00e9s localement au Canada. Leurs p\u00e9tales d\u00e9licats et leur centre subtil apportent une touche douce et \u00e9l\u00e9gante \u00e0 tous vos projets DIY, bouquets de mariage et d\u00e9corations [&hellip;]<\/p>\n","protected":false},"featured_media":114165,"comment_status":"open","ping_status":"closed","template":"","meta":{"_acf_changed":false},"recipe":[],"product_brand":[],"product_cat":[7673,17168,17416,17457,17169,7674,17454,17469],"product_tag":[],"class_list":{"0":"post-114173","1":"product","2":"type-product","3":"status-publish","4":"has-post-thumbnail","6":"product_cat-bulk-wholesale-flowers-montreal","7":"product_cat-bulk-flowers","8":"product_cat-bulk-gerbera","9":"product_cat-mini-gerbera","10":"product_cat-fleurs-en-vrac","11":"product_cat-fleurs-en-vrac-gros-montreal","12":"product_cat-gerbera-en-vrac","13":"product_cat-mini-gerbera-fr","15":"first","16":"instock","17":"shipping-taxable","18":"purchasable","19":"product-type-simple"},"acf":[],"_links":{"self":[{"href":"https:\/\/lebouquet.brstdev.com\/fr\/wp-json\/wp\/v2\/product\/114173","targetHints":{"allow":["GET"]}}],"collection":[{"href":"https:\/\/lebouquet.brstdev.com\/fr\/wp-json\/wp\/v2\/product"}],"about":[{"href":"https:\/\/lebouquet.brstdev.com\/fr\/wp-json\/wp\/v2\/types\/product"}],"replies":[{"embeddable":true,"href":"https:\/\/lebouquet.brstdev.com\/fr\/wp-json\/wp\/v2\/comments?post=114173"}],"wp:featuredmedia":[{"embeddable":true,"href":"https:\/\/lebouquet.brstdev.com\/fr\/wp-json\/wp\/v2\/media\/114165"}],"wp:attachment":[{"href":"https:\/\/lebouquet.brstdev.com\/fr\/wp-json\/wp\/v2\/media?parent=114173"}],"wp:term":[{"taxonomy":"recipe","embeddable":true,"href":"https:\/\/lebouquet.brstdev.com\/fr\/wp-json\/wp\/v2\/recipe?post=114173"},{"taxonomy":"product_brand","embeddable":true,"href":"https:\/\/lebouquet.brstdev.com\/fr\/wp-json\/wp\/v2\/product_brand?post=114173"},{"taxonomy":"product_cat","embeddable":true,"href":"https:\/\/lebouquet.brstdev.com\/fr\/wp-json\/wp\/v2\/product_cat?post=114173"},{"taxonomy":"product_tag","embeddable":true,"href":"https:\/\/lebouquet.brstdev.com\/fr\/wp-json\/wp\/v2\/product_tag?post=114173"}],"curies":[{"name":"wp","href":"https:\/\/api.w.org\/{rel}","templated":true}]}}