{"id":112077,"date":"2025-05-02T13:09:10","date_gmt":"2025-05-02T17:09:10","guid":{"rendered":"https:\/\/www.lebouquet.com\/floral-footsteps\/"},"modified":"2026-04-22T11:01:21","modified_gmt":"2026-04-22T15:01:21","slug":"petits-pas-fleuris","status":"publish","type":"product","link":"https:\/\/lebouquet.brstdev.com\/fr\/petits-pas-fleuris\/","title":{"rendered":"Petits Pas Fleuris"},"content":{"rendered":"<p>Accueillez le printemps avec notre arrangement de la F\u00eate des M\u00e8res, \u00ab\u202fPetits Pas Fleuris\u202f\u00bb. Compos\u00e9 de renoncules roses, de freesias jaunes, de lisianthus blancs, de tulipes et de feuillage d\u00e9licat, ce bouquet joyeux est pr\u00e9sent\u00e9 dans un vase en forme de botte en c\u00e9ramique d\u00e9cor\u00e9e \u00e0 la main. Un cadeau id\u00e9al pour les mamans qui aiment les fleurs, la fantaisie et les nouveaux d\u00e9parts.<\/p>\n<p><strong>Dimensions approximatives :<\/strong><br \/>Hauteur : 30 cm<br \/>Largeur : 20 cm<\/p>\n","protected":false},"excerpt":{"rendered":"<p>Accueillez le printemps avec notre arrangement de la F\u00eate des M\u00e8res, \u00ab\u202fPetits Pas Fleuris\u202f\u00bb. Compos\u00e9 de renoncules roses, de freesias jaunes, de lisianthus blancs, de tulipes et de feuillage d\u00e9licat, ce bouquet joyeux est pr\u00e9sent\u00e9 dans un vase en forme de botte en c\u00e9ramique d\u00e9cor\u00e9e \u00e0 la main. Un cadeau id\u00e9al pour les mamans qui [&hellip;]<\/p>\n","protected":false},"featured_media":112097,"comment_status":"open","ping_status":"closed","template":"","meta":{"_acf_changed":false},"recipe":[],"product_brand":[],"product_cat":[7588,17153],"product_tag":[],"class_list":{"0":"post-112077","1":"product","2":"type-product","3":"status-publish","4":"has-post-thumbnail","6":"product_cat-fete-des-meres-evenements","7":"product_cat-fleurs-occasions-montreal","9":"first","10":"instock","11":"shipping-taxable","12":"purchasable","13":"product-type-simple"},"acf":[],"_links":{"self":[{"href":"https:\/\/lebouquet.brstdev.com\/fr\/wp-json\/wp\/v2\/product\/112077","targetHints":{"allow":["GET"]}}],"collection":[{"href":"https:\/\/lebouquet.brstdev.com\/fr\/wp-json\/wp\/v2\/product"}],"about":[{"href":"https:\/\/lebouquet.brstdev.com\/fr\/wp-json\/wp\/v2\/types\/product"}],"replies":[{"embeddable":true,"href":"https:\/\/lebouquet.brstdev.com\/fr\/wp-json\/wp\/v2\/comments?post=112077"}],"wp:featuredmedia":[{"embeddable":true,"href":"https:\/\/lebouquet.brstdev.com\/fr\/wp-json\/wp\/v2\/media\/112097"}],"wp:attachment":[{"href":"https:\/\/lebouquet.brstdev.com\/fr\/wp-json\/wp\/v2\/media?parent=112077"}],"wp:term":[{"taxonomy":"recipe","embeddable":true,"href":"https:\/\/lebouquet.brstdev.com\/fr\/wp-json\/wp\/v2\/recipe?post=112077"},{"taxonomy":"product_brand","embeddable":true,"href":"https:\/\/lebouquet.brstdev.com\/fr\/wp-json\/wp\/v2\/product_brand?post=112077"},{"taxonomy":"product_cat","embeddable":true,"href":"https:\/\/lebouquet.brstdev.com\/fr\/wp-json\/wp\/v2\/product_cat?post=112077"},{"taxonomy":"product_tag","embeddable":true,"href":"https:\/\/lebouquet.brstdev.com\/fr\/wp-json\/wp\/v2\/product_tag?post=112077"}],"curies":[{"name":"wp","href":"https:\/\/api.w.org\/{rel}","templated":true}]}}