{"id":105520,"date":"2025-02-22T10:07:09","date_gmt":"2025-02-22T15:07:09","guid":{"rendered":"https:\/\/www.lebouquet.com\/bombita-single-tulip\/"},"modified":"2025-08-13T06:17:17","modified_gmt":"2025-08-13T10:17:17","slug":"tulipe-unique-bombita","status":"publish","type":"product","link":"https:\/\/lebouquet.brstdev.com\/fr\/tulipe-unique-bombita\/","title":{"rendered":"Tulipes Uniques Bombita en vrac"},"content":{"rendered":"<p><strong><u>*Pour garantir la fra\u00eecheur et la disponibilit\u00e9, veuillez passer votre commande 2-3 semaines \u00e0 l\u2019avance.<\/u><\/strong><\/p>\n<p>D\u00e9couvrez le charme raffin\u00e9 de notre <strong>Tulipe Unique Bombita<\/strong>, une fleur exceptionnelle qui incarne \u00e9l\u00e9gance et beaut\u00e9 vibrante. Parfaite comme pi\u00e8ce ma\u00eetresse ou comme touche percutante dans tout espace, cette tulipe symbolise le renouveau et la gr\u00e2ce. Soigneusement cultiv\u00e9e pour pr\u00e9server sa couleur exquise et sa forme parfaite, la Tulipe Unique Bombita est id\u00e9ale pour offrir en cadeau ou pour sublimer votre int\u00e9rieur.<\/p>\n","protected":false},"excerpt":{"rendered":"<p><strong>Conseils d&rsquo;entretien :<\/strong><\/p>\n<ul>\n<li>Placez les tulipes dans un vase propre avec de l\u2019eau fra\u00eeche.<\/li>\n<li>Coupez les tiges en biais tous les 2 jours.<\/li>\n<li>Conservez-les dans un endroit frais, \u00e0 l\u2019abri du soleil direct.<\/li>\n<\/ul>\n","protected":false},"featured_media":105509,"comment_status":"open","ping_status":"closed","template":"","meta":{"_acf_changed":false},"recipe":[],"product_brand":[],"product_cat":[7673,17168,18071,18069,17169,7674,18070,18072],"product_tag":[],"class_list":{"0":"post-105520","1":"product","2":"type-product","3":"status-publish","4":"has-post-thumbnail","6":"product_cat-bulk-wholesale-flowers-montreal","7":"product_cat-bulk-flowers","8":"product_cat-single-tulips-bulk","9":"product_cat-bulk-tulips","10":"product_cat-fleurs-en-vrac","11":"product_cat-fleurs-en-vrac-gros-montreal","12":"product_cat-tulipes-en-vrac","13":"product_cat-tulipes-simple-en-gros","15":"first","16":"instock","17":"shipping-taxable","18":"purchasable","19":"product-type-simple"},"acf":[],"_links":{"self":[{"href":"https:\/\/lebouquet.brstdev.com\/fr\/wp-json\/wp\/v2\/product\/105520","targetHints":{"allow":["GET"]}}],"collection":[{"href":"https:\/\/lebouquet.brstdev.com\/fr\/wp-json\/wp\/v2\/product"}],"about":[{"href":"https:\/\/lebouquet.brstdev.com\/fr\/wp-json\/wp\/v2\/types\/product"}],"replies":[{"embeddable":true,"href":"https:\/\/lebouquet.brstdev.com\/fr\/wp-json\/wp\/v2\/comments?post=105520"}],"wp:featuredmedia":[{"embeddable":true,"href":"https:\/\/lebouquet.brstdev.com\/fr\/wp-json\/wp\/v2\/media\/105509"}],"wp:attachment":[{"href":"https:\/\/lebouquet.brstdev.com\/fr\/wp-json\/wp\/v2\/media?parent=105520"}],"wp:term":[{"taxonomy":"recipe","embeddable":true,"href":"https:\/\/lebouquet.brstdev.com\/fr\/wp-json\/wp\/v2\/recipe?post=105520"},{"taxonomy":"product_brand","embeddable":true,"href":"https:\/\/lebouquet.brstdev.com\/fr\/wp-json\/wp\/v2\/product_brand?post=105520"},{"taxonomy":"product_cat","embeddable":true,"href":"https:\/\/lebouquet.brstdev.com\/fr\/wp-json\/wp\/v2\/product_cat?post=105520"},{"taxonomy":"product_tag","embeddable":true,"href":"https:\/\/lebouquet.brstdev.com\/fr\/wp-json\/wp\/v2\/product_tag?post=105520"}],"curies":[{"name":"wp","href":"https:\/\/api.w.org\/{rel}","templated":true}]}}