{"id":105507,"date":"2025-02-22T09:50:40","date_gmt":"2025-02-22T14:50:40","guid":{"rendered":"https:\/\/www.lebouquet.com\/antartica-flame-single-tulip\/"},"modified":"2025-08-13T06:17:18","modified_gmt":"2025-08-13T10:17:18","slug":"tulipe-unique-antarctica-flame","status":"publish","type":"product","link":"https:\/\/lebouquet.brstdev.com\/fr\/tulipe-unique-antarctica-flame\/","title":{"rendered":"Tulipe Unique Antarctica Flame en vrac"},"content":{"rendered":"<p><strong><u>*Pour garantir la fra\u00eecheur et la disponibilit\u00e9, veuillez passer votre commande 2-3 semaines \u00e0 l\u2019avance.<\/u><\/strong><\/p>\n<p>D\u00e9couvrez la beaut\u00e9 saisissante de notre <strong>Tulipe Unique Antarctica Flame<\/strong>, alliant couleur vibrante et design \u00e9l\u00e9gant. Cette tulipe premium arbore une teinte rappelant les manifestations les plus passionn\u00e9es de la nature, id\u00e9ale pour sublimer vos compositions florales, offrir en cadeau ou apporter une touche de luxe \u00e0 tout arrangement. Cultiv\u00e9e avec le plus grand soin, chaque tulipe garantit une fra\u00eecheur exceptionnelle et une beaut\u00e9 durable.<\/p>\n","protected":false},"excerpt":{"rendered":"<p><strong>Conseils d&rsquo;entretien :<\/strong><\/p>\n<ul>\n<li>Placez les tulipes dans un vase propre avec de l\u2019eau fra\u00eeche.<\/li>\n<li>Coupez les tiges en biais tous les 2 jours.<\/li>\n<li>Conservez-les dans un endroit frais, \u00e0 l\u2019abri du soleil direct.<\/li>\n<\/ul>\n","protected":false},"featured_media":105494,"comment_status":"open","ping_status":"closed","template":"","meta":{"_acf_changed":false},"recipe":[],"product_brand":[],"product_cat":[7673,17168,18071,18069,17169,7674,18070,18072],"product_tag":[],"class_list":{"0":"post-105507","1":"product","2":"type-product","3":"status-publish","4":"has-post-thumbnail","6":"product_cat-bulk-wholesale-flowers-montreal","7":"product_cat-bulk-flowers","8":"product_cat-single-tulips-bulk","9":"product_cat-bulk-tulips","10":"product_cat-fleurs-en-vrac","11":"product_cat-fleurs-en-vrac-gros-montreal","12":"product_cat-tulipes-en-vrac","13":"product_cat-tulipes-simple-en-gros","15":"first","16":"instock","17":"shipping-taxable","18":"purchasable","19":"product-type-simple"},"acf":[],"_links":{"self":[{"href":"https:\/\/lebouquet.brstdev.com\/fr\/wp-json\/wp\/v2\/product\/105507","targetHints":{"allow":["GET"]}}],"collection":[{"href":"https:\/\/lebouquet.brstdev.com\/fr\/wp-json\/wp\/v2\/product"}],"about":[{"href":"https:\/\/lebouquet.brstdev.com\/fr\/wp-json\/wp\/v2\/types\/product"}],"replies":[{"embeddable":true,"href":"https:\/\/lebouquet.brstdev.com\/fr\/wp-json\/wp\/v2\/comments?post=105507"}],"wp:featuredmedia":[{"embeddable":true,"href":"https:\/\/lebouquet.brstdev.com\/fr\/wp-json\/wp\/v2\/media\/105494"}],"wp:attachment":[{"href":"https:\/\/lebouquet.brstdev.com\/fr\/wp-json\/wp\/v2\/media?parent=105507"}],"wp:term":[{"taxonomy":"recipe","embeddable":true,"href":"https:\/\/lebouquet.brstdev.com\/fr\/wp-json\/wp\/v2\/recipe?post=105507"},{"taxonomy":"product_brand","embeddable":true,"href":"https:\/\/lebouquet.brstdev.com\/fr\/wp-json\/wp\/v2\/product_brand?post=105507"},{"taxonomy":"product_cat","embeddable":true,"href":"https:\/\/lebouquet.brstdev.com\/fr\/wp-json\/wp\/v2\/product_cat?post=105507"},{"taxonomy":"product_tag","embeddable":true,"href":"https:\/\/lebouquet.brstdev.com\/fr\/wp-json\/wp\/v2\/product_tag?post=105507"}],"curies":[{"name":"wp","href":"https:\/\/api.w.org\/{rel}","templated":true}]}}