{"id":103131,"date":"2025-02-08T14:09:00","date_gmt":"2025-02-08T19:09:00","guid":{"rendered":"https:\/\/www.lebouquet.com\/assorted-single-tulips-bulk-diy\/"},"modified":"2025-08-13T06:17:20","modified_gmt":"2025-08-13T10:17:20","slug":"tulipes-simples-assorties-en-vrac","status":"publish","type":"product","link":"https:\/\/lebouquet.brstdev.com\/fr\/tulipes-simples-assorties-en-vrac\/","title":{"rendered":"Tulipes Simples Assorties en vrac"},"content":{"rendered":"<p><strong><u>*Pour garantir la fra\u00eecheur des fleurs et leur disponibilit\u00e9, veuillez passer votre commande 2 \u00e0 3 semaines \u00e0 l\u2019avance.<\/u><\/strong><\/p>\n<p>Nos <strong>Tulipes Simples Assorties (En Vrac)<\/strong> cultiv\u00e9es localement incarnent une beaut\u00e9 intemporelle avec leurs p\u00e9tales lisses en forme de coupe et leurs couleurs \u00e9clatantes. Cette s\u00e9lection en vrac comprend un magnifique m\u00e9lange de tulipes parfaites pour les mariages, les \u00e9v\u00e9nements et les projets floraux DIY. Leur charme simple mais raffin\u00e9 apporte une touche de fra\u00eecheur \u00e0 tout arrangement, qu&rsquo;il s&rsquo;agisse de bouquets, de centres de table ou de d\u00e9corations saisonni\u00e8res. Commandez d\u00e8s aujourd\u2019hui pour des tulipes de haute qualit\u00e9 qui illuminent chaque espace !<\/p>\n","protected":false},"excerpt":{"rendered":"<p><strong>Conseils d&rsquo;entretien :<\/strong><\/p>\n<ul>\n<li>Placez les tulipes dans un vase propre avec de l\u2019eau fra\u00eeche.<\/li>\n<li>Coupez les tiges en biais tous les 2 jours.<\/li>\n<li>Conservez-les dans un endroit frais, \u00e0 l\u2019abri du soleil direct.<\/li>\n<\/ul>\n","protected":false},"featured_media":103124,"comment_status":"open","ping_status":"closed","template":"","meta":{"_acf_changed":false},"recipe":[],"product_brand":[],"product_cat":[7673,17168,18071,18069,17169,7674,18070,18072],"product_tag":[],"class_list":{"0":"post-103131","1":"product","2":"type-product","3":"status-publish","4":"has-post-thumbnail","6":"product_cat-bulk-wholesale-flowers-montreal","7":"product_cat-bulk-flowers","8":"product_cat-single-tulips-bulk","9":"product_cat-bulk-tulips","10":"product_cat-fleurs-en-vrac","11":"product_cat-fleurs-en-vrac-gros-montreal","12":"product_cat-tulipes-en-vrac","13":"product_cat-tulipes-simple-en-gros","15":"first","16":"instock","17":"shipping-taxable","18":"purchasable","19":"product-type-simple"},"acf":[],"_links":{"self":[{"href":"https:\/\/lebouquet.brstdev.com\/fr\/wp-json\/wp\/v2\/product\/103131","targetHints":{"allow":["GET"]}}],"collection":[{"href":"https:\/\/lebouquet.brstdev.com\/fr\/wp-json\/wp\/v2\/product"}],"about":[{"href":"https:\/\/lebouquet.brstdev.com\/fr\/wp-json\/wp\/v2\/types\/product"}],"replies":[{"embeddable":true,"href":"https:\/\/lebouquet.brstdev.com\/fr\/wp-json\/wp\/v2\/comments?post=103131"}],"wp:featuredmedia":[{"embeddable":true,"href":"https:\/\/lebouquet.brstdev.com\/fr\/wp-json\/wp\/v2\/media\/103124"}],"wp:attachment":[{"href":"https:\/\/lebouquet.brstdev.com\/fr\/wp-json\/wp\/v2\/media?parent=103131"}],"wp:term":[{"taxonomy":"recipe","embeddable":true,"href":"https:\/\/lebouquet.brstdev.com\/fr\/wp-json\/wp\/v2\/recipe?post=103131"},{"taxonomy":"product_brand","embeddable":true,"href":"https:\/\/lebouquet.brstdev.com\/fr\/wp-json\/wp\/v2\/product_brand?post=103131"},{"taxonomy":"product_cat","embeddable":true,"href":"https:\/\/lebouquet.brstdev.com\/fr\/wp-json\/wp\/v2\/product_cat?post=103131"},{"taxonomy":"product_tag","embeddable":true,"href":"https:\/\/lebouquet.brstdev.com\/fr\/wp-json\/wp\/v2\/product_tag?post=103131"}],"curies":[{"name":"wp","href":"https:\/\/api.w.org\/{rel}","templated":true}]}}