{"id":103021,"date":"2025-02-06T17:35:11","date_gmt":"2025-02-06T22:35:11","guid":{"rendered":"https:\/\/www.lebouquet.com\/assorted-gerbera-bulk-diy\/"},"modified":"2025-08-13T06:01:38","modified_gmt":"2025-08-13T10:01:38","slug":"gerbera-assorties-en-vrac","status":"publish","type":"product","link":"https:\/\/lebouquet.brstdev.com\/fr\/gerbera-assorties-en-vrac\/","title":{"rendered":"Gerbera assorties (en vrac)"},"content":{"rendered":"<h4><strong>Gerberas Assortis en Vrac \u2013 Cultiv\u00e9s Localement au Canada<\/strong><\/h4>\n<p>Apportez \u00e9clat et \u00e9l\u00e9gance \u00e0 vos compositions florales avec nos <strong>Gerberas Assortis en Vrac<\/strong>. Cultiv\u00e9es localement au Canada, ces fleurs fra\u00eeches et durables sont parfaites pour les projets floraux DIY, les mariages, les \u00e9v\u00e9nements et la d\u00e9coration int\u00e9rieure. Avec un m\u00e9lange \u00e9clatant de couleurs, ces gerberas de qualit\u00e9 sup\u00e9rieure ajoutent une touche lumineuse \u00e0 tout bouquet. Commandez en gros et profitez de fleurs fra\u00eeches \u00e0 prix de gros \u00e0 Montr\u00e9al.<\/p>\n<ul>\n<li><strong>Fra\u00eecheur garantie &amp; production locale<\/strong><\/li>\n<li><strong>Id\u00e9al pour bouquets DIY &amp; d\u00e9coration d\u2019\u00e9v\u00e9nements<\/strong><\/li>\n<li><strong>Disponible en cueillette ou livraison \u00e0 Montr\u00e9al<\/strong><\/li>\n<\/ul>\n<p><strong>Avis Importants :<\/strong><\/p>\n<ul>\n<li><strong>Le choix des couleurs est d\u00e9termin\u00e9 par la ferme.<\/strong> Pour les commandes de <strong>30 tiges ou plus, un m\u00e9lange de trois couleurs sera inclus. Les couleurs ne peuvent pas \u00eatre choisies.<\/strong><\/li>\n<li><strong>Pour les commandes en vrac importantes, un pr\u00e9avis minimum de 2 semaines est requis.<\/strong><\/li>\n<li><strong>Les tuteurs (pailles) pour soutenir les tiges ne sont PAS inclus, mais peuvent \u00eatre achet\u00e9s s\u00e9par\u00e9ment dans la section \u00ab\u00a0Ajouts\u00a0\u00bb.<\/strong><\/li>\n<\/ul>\n<p><strong>Commande en vrac disponible \u2013 contactez-nous pour des demandes sp\u00e9ciales !<\/strong><\/p>\n","protected":false},"excerpt":{"rendered":"<p>Gerberas Assortis en Vrac \u2013 Cultiv\u00e9s Localement au Canada Apportez \u00e9clat et \u00e9l\u00e9gance \u00e0 vos compositions florales avec nos Gerberas Assortis en Vrac. Cultiv\u00e9es localement au Canada, ces fleurs fra\u00eeches et durables sont parfaites pour les projets floraux DIY, les mariages, les \u00e9v\u00e9nements et la d\u00e9coration int\u00e9rieure. Avec un m\u00e9lange \u00e9clatant de couleurs, ces gerberas [&hellip;]<\/p>\n","protected":false},"featured_media":103014,"comment_status":"open","ping_status":"closed","template":"","meta":{"_acf_changed":false,"inline_featured_image":false},"recipe":[],"product_brand":[],"product_cat":[7673,17168,17416,7674,17169,17454,17468,17768,17767,17456],"product_tag":[],"class_list":{"0":"post-103021","1":"product","2":"type-product","3":"status-publish","4":"has-post-thumbnail","6":"product_cat-bulk","7":"product_cat-bulk-flowers","8":"product_cat-bulk-gerbera","9":"product_cat-en-vrac","10":"product_cat-fleurs-en-vrac","11":"product_cat-gerbera-en-vrac","12":"product_cat-gerbera-standard-fr","13":"product_cat-offres-speciales","14":"product_cat-special-offers","15":"product_cat-standard-gerbera","17":"first","18":"instock","19":"shipping-taxable","20":"purchasable","21":"product-type-simple","22":"sale_product_fr"},"acf":[],"_links":{"self":[{"href":"https:\/\/lebouquet.brstdev.com\/fr\/wp-json\/wp\/v2\/product\/103021","targetHints":{"allow":["GET"]}}],"collection":[{"href":"https:\/\/lebouquet.brstdev.com\/fr\/wp-json\/wp\/v2\/product"}],"about":[{"href":"https:\/\/lebouquet.brstdev.com\/fr\/wp-json\/wp\/v2\/types\/product"}],"replies":[{"embeddable":true,"href":"https:\/\/lebouquet.brstdev.com\/fr\/wp-json\/wp\/v2\/comments?post=103021"}],"wp:featuredmedia":[{"embeddable":true,"href":"https:\/\/lebouquet.brstdev.com\/fr\/wp-json\/wp\/v2\/media\/103014"}],"wp:attachment":[{"href":"https:\/\/lebouquet.brstdev.com\/fr\/wp-json\/wp\/v2\/media?parent=103021"}],"wp:term":[{"taxonomy":"recipe","embeddable":true,"href":"https:\/\/lebouquet.brstdev.com\/fr\/wp-json\/wp\/v2\/recipe?post=103021"},{"taxonomy":"product_brand","embeddable":true,"href":"https:\/\/lebouquet.brstdev.com\/fr\/wp-json\/wp\/v2\/product_brand?post=103021"},{"taxonomy":"product_cat","embeddable":true,"href":"https:\/\/lebouquet.brstdev.com\/fr\/wp-json\/wp\/v2\/product_cat?post=103021"},{"taxonomy":"product_tag","embeddable":true,"href":"https:\/\/lebouquet.brstdev.com\/fr\/wp-json\/wp\/v2\/product_tag?post=103021"}],"curies":[{"name":"wp","href":"https:\/\/api.w.org\/{rel}","templated":true}]}}