{"id":102623,"date":"2025-01-26T09:00:57","date_gmt":"2025-01-26T14:00:57","guid":{"rendered":"https:\/\/www.lebouquet.com\/prosperity-quince-blossoms\/"},"modified":"2025-08-13T06:01:39","modified_gmt":"2025-08-13T10:01:39","slug":"branches-de-coing-de-la-prosperite","status":"publish","type":"product","link":"https:\/\/lebouquet.brstdev.com\/fr\/branches-de-coing-de-la-prosperite\/","title":{"rendered":"Branches de Coing de la Prosp\u00e9rit\u00e9"},"content":{"rendered":"<p>Accueillez le Nouvel An Chinois avec notre \u00e9l\u00e9gante composition de <strong>Branches de Coing de la Prosp\u00e9rit\u00e9<\/strong>, symbole de chance et de renouveau. Compos\u00e9e de cinq tiges soigneusement s\u00e9lectionn\u00e9es, orn\u00e9es de bourgeons et de fleurs d\u00e9licates, cette composition incarne l\u2019essence du printemps et des nouveaux d\u00e9parts. Chaque tige mesure entre 70 et 90 cm, offrant une pr\u00e9sentation minimaliste et raffin\u00e9e parfaite pour c\u00e9l\u00e9brer cette saison festive. Pr\u00e9sent\u00e9e dans un vase transparent, cette d\u00e9coration apporte harmonie et beaut\u00e9 \u00e0 votre espace, ou constitue un cadeau id\u00e9al pour vos proches.<\/p>\n<p><i>Apportez prosp\u00e9rit\u00e9 et joie \u00e0 votre int\u00e9rieur avec ces branches intemporelles qui fleuriront avec \u00e9l\u00e9gance !<\/i><\/p>\n","protected":false},"excerpt":{"rendered":"<p>Accueillez le Nouvel An Chinois avec notre \u00e9l\u00e9gante composition de Branches de Coing de la Prosp\u00e9rit\u00e9, symbole de chance et de renouveau. Compos\u00e9e de cinq tiges soigneusement s\u00e9lectionn\u00e9es, orn\u00e9es de bourgeons et de fleurs d\u00e9licates, cette composition incarne l\u2019essence du printemps et des nouveaux d\u00e9parts. Chaque tige mesure entre 70 et 90 cm, offrant une [&hellip;]<\/p>\n","protected":false},"featured_media":102627,"comment_status":"open","ping_status":"closed","template":"","meta":{"_acf_changed":false,"inline_featured_image":false},"recipe":[],"product_brand":[],"product_cat":[7565,7566,7560,7559],"product_tag":[],"class_list":{"0":"post-102623","1":"product","2":"type-product","3":"status-publish","4":"has-post-thumbnail","6":"product_cat-arrangements","7":"product_cat-arrangements-2","8":"product_cat-fleurs-2-2","9":"product_cat-flowers","11":"first","12":"instock","13":"shipping-taxable","14":"purchasable","15":"product-type-simple"},"acf":[],"_links":{"self":[{"href":"https:\/\/lebouquet.brstdev.com\/fr\/wp-json\/wp\/v2\/product\/102623","targetHints":{"allow":["GET"]}}],"collection":[{"href":"https:\/\/lebouquet.brstdev.com\/fr\/wp-json\/wp\/v2\/product"}],"about":[{"href":"https:\/\/lebouquet.brstdev.com\/fr\/wp-json\/wp\/v2\/types\/product"}],"replies":[{"embeddable":true,"href":"https:\/\/lebouquet.brstdev.com\/fr\/wp-json\/wp\/v2\/comments?post=102623"}],"wp:featuredmedia":[{"embeddable":true,"href":"https:\/\/lebouquet.brstdev.com\/fr\/wp-json\/wp\/v2\/media\/102627"}],"wp:attachment":[{"href":"https:\/\/lebouquet.brstdev.com\/fr\/wp-json\/wp\/v2\/media?parent=102623"}],"wp:term":[{"taxonomy":"recipe","embeddable":true,"href":"https:\/\/lebouquet.brstdev.com\/fr\/wp-json\/wp\/v2\/recipe?post=102623"},{"taxonomy":"product_brand","embeddable":true,"href":"https:\/\/lebouquet.brstdev.com\/fr\/wp-json\/wp\/v2\/product_brand?post=102623"},{"taxonomy":"product_cat","embeddable":true,"href":"https:\/\/lebouquet.brstdev.com\/fr\/wp-json\/wp\/v2\/product_cat?post=102623"},{"taxonomy":"product_tag","embeddable":true,"href":"https:\/\/lebouquet.brstdev.com\/fr\/wp-json\/wp\/v2\/product_tag?post=102623"}],"curies":[{"name":"wp","href":"https:\/\/api.w.org\/{rel}","templated":true}]}}