{"id":102359,"date":"2025-01-18T13:56:50","date_gmt":"2025-01-18T18:56:50","guid":{"rendered":"https:\/\/www.lebouquet.com\/ocean-of-love\/"},"modified":"2025-08-13T06:01:41","modified_gmt":"2025-08-13T10:01:41","slug":"ocean-damour","status":"publish","type":"product","link":"https:\/\/lebouquet.brstdev.com\/fr\/ocean-damour\/","title":{"rendered":"Oc\u00e9an d\u2019Amour"},"content":{"rendered":"<p>Plongez dans l\u2019\u00e9l\u00e9gance avec la composition florale <strong>Oc\u00e9an d\u2019Amour<\/strong>. Compos\u00e9e de magnifiques roses bleues, de d\u00e9licats lisianthus blancs, de chardons bleus saisissants et de verdure luxuriante, ce bouquet est dispos\u00e9 avec soin dans un vase moderne en fil de fer en forme de c\u0153ur.&nbsp;<\/p>\n<p>Parfait pour les occasions romantiques, les anniversaires ou comme cadeau attentionn\u00e9, <strong>Oc\u00e9an d\u2019Amour<\/strong> capture la beaut\u00e9 et la s\u00e9r\u00e9nit\u00e9 de l\u2019oc\u00e9an tout en exprimant vos \u00e9motions les plus profondes. Cette composition \u00e9l\u00e9gante et unique ne manquera pas de faire sensation.<\/p>\n","protected":false},"excerpt":{"rendered":"<p>Plongez dans l\u2019\u00e9l\u00e9gance avec la composition florale Oc\u00e9an d\u2019Amour. Compos\u00e9e de magnifiques roses bleues, de d\u00e9licats lisianthus blancs, de chardons bleus saisissants et de verdure luxuriante, ce bouquet est dispos\u00e9 avec soin dans un vase moderne en fil de fer en forme de c\u0153ur.&nbsp; Parfait pour les occasions romantiques, les anniversaires ou comme cadeau attentionn\u00e9, [&hellip;]<\/p>\n","protected":false},"featured_media":102352,"comment_status":"open","ping_status":"closed","template":"","meta":{"_acf_changed":false,"inline_featured_image":false},"recipe":[],"product_brand":[],"product_cat":[7565,7566,7560,7559,7569,17153,7554,7553,7572,7571,17150,17154],"product_tag":[],"class_list":{"0":"post-102359","1":"product","2":"type-product","3":"status-publish","4":"has-post-thumbnail","6":"product_cat-arrangements","7":"product_cat-arrangements-2","8":"product_cat-fleurs-2-2","9":"product_cat-flowers","10":"product_cat-occasions","11":"product_cat-occasions-fr","12":"product_cat-populaires","13":"product_cat-popular","14":"product_cat-saint-valentin","15":"product_cat-valentines","16":"product_cat-best-seller","17":"product_cat-best-seller-fr-2","19":"first","20":"instock","21":"shipping-taxable","22":"purchasable","23":"product-type-simple"},"acf":[],"_links":{"self":[{"href":"https:\/\/lebouquet.brstdev.com\/fr\/wp-json\/wp\/v2\/product\/102359","targetHints":{"allow":["GET"]}}],"collection":[{"href":"https:\/\/lebouquet.brstdev.com\/fr\/wp-json\/wp\/v2\/product"}],"about":[{"href":"https:\/\/lebouquet.brstdev.com\/fr\/wp-json\/wp\/v2\/types\/product"}],"replies":[{"embeddable":true,"href":"https:\/\/lebouquet.brstdev.com\/fr\/wp-json\/wp\/v2\/comments?post=102359"}],"wp:featuredmedia":[{"embeddable":true,"href":"https:\/\/lebouquet.brstdev.com\/fr\/wp-json\/wp\/v2\/media\/102352"}],"wp:attachment":[{"href":"https:\/\/lebouquet.brstdev.com\/fr\/wp-json\/wp\/v2\/media?parent=102359"}],"wp:term":[{"taxonomy":"recipe","embeddable":true,"href":"https:\/\/lebouquet.brstdev.com\/fr\/wp-json\/wp\/v2\/recipe?post=102359"},{"taxonomy":"product_brand","embeddable":true,"href":"https:\/\/lebouquet.brstdev.com\/fr\/wp-json\/wp\/v2\/product_brand?post=102359"},{"taxonomy":"product_cat","embeddable":true,"href":"https:\/\/lebouquet.brstdev.com\/fr\/wp-json\/wp\/v2\/product_cat?post=102359"},{"taxonomy":"product_tag","embeddable":true,"href":"https:\/\/lebouquet.brstdev.com\/fr\/wp-json\/wp\/v2\/product_tag?post=102359"}],"curies":[{"name":"wp","href":"https:\/\/api.w.org\/{rel}","templated":true}]}}