{"id":102320,"date":"2025-01-18T11:36:04","date_gmt":"2025-01-18T16:36:04","guid":{"rendered":"https:\/\/www.lebouquet.com\/valentine-trio\/"},"modified":"2025-08-13T06:01:42","modified_gmt":"2025-08-13T10:01:42","slug":"trio-de-saint-valentin","status":"publish","type":"product","link":"https:\/\/lebouquet.brstdev.com\/fr\/trio-de-saint-valentin\/","title":{"rendered":"Trio de Saint-Valentin"},"content":{"rendered":"<p>Le <strong>Trio de Saint-Valentin<\/strong> rassemble trois symboles intemporels d\u2019amour dans un magnifique coffret. Il comprend une peluche <a href=\"https:\/\/www.lebouquet.com\/fr\/herisson-rose\/\">H\u00e9risson Rose<\/a> tenant une rose rouge, une <a href=\"https:\/\/www.lebouquet.com\/fr\/mini-rose-immortelle\/\">Mini Rose \u00c9ternelle<\/a> sous un ravissant d\u00f4me en verre et une bo\u00eete de 7 <a href=\"https:\/\/www.lebouquet.com\/fr\/chocolats-assortis-leonidas\/\">chocolats belges haut de gamme Leonidas<\/a>. Cet \u00e9l\u00e9gant trio est parfait pour la Saint-Valentin, les anniversaires ou toute occasion sp\u00e9ciale pour exprimer amour et reconnaissance. Faites plaisir \u00e0 votre \u00eatre cher avec cet ensemble romantique et attentionn\u00e9, rempli de douceur, de charme et de beaut\u00e9 \u00e9ternelle.<\/p>\n","protected":false},"excerpt":{"rendered":"<p>Le Trio de Saint-Valentin rassemble trois symboles intemporels d\u2019amour dans un magnifique coffret. Il comprend une peluche H\u00e9risson Rose tenant une rose rouge, une Mini Rose \u00c9ternelle sous un ravissant d\u00f4me en verre et une bo\u00eete de 7 chocolats belges haut de gamme Leonidas. Cet \u00e9l\u00e9gant trio est parfait pour la Saint-Valentin, les anniversaires ou [&hellip;]<\/p>\n","protected":false},"featured_media":102315,"comment_status":"open","ping_status":"closed","template":"","meta":{"_acf_changed":false,"inline_featured_image":false},"recipe":[],"product_brand":[],"product_cat":[7648,7649,17155,7569,7647,7652,17153,7651,7554,7553,7572,7571],"product_tag":[],"class_list":{"0":"post-102320","1":"product","2":"type-product","3":"status-publish","4":"has-post-thumbnail","6":"product_cat-cadeaux","7":"product_cat-chocolates","8":"product_cat-chocolates-fr","9":"product_cat-occasions","10":"product_cat-gift-shop","11":"product_cat-jouets-en-peluche","12":"product_cat-occasions-fr","13":"product_cat-plush-toys","14":"product_cat-populaires","15":"product_cat-popular","16":"product_cat-saint-valentin","17":"product_cat-valentines","19":"first","20":"instock","21":"shipping-taxable","22":"purchasable","23":"product-type-simple"},"acf":[],"_links":{"self":[{"href":"https:\/\/lebouquet.brstdev.com\/fr\/wp-json\/wp\/v2\/product\/102320","targetHints":{"allow":["GET"]}}],"collection":[{"href":"https:\/\/lebouquet.brstdev.com\/fr\/wp-json\/wp\/v2\/product"}],"about":[{"href":"https:\/\/lebouquet.brstdev.com\/fr\/wp-json\/wp\/v2\/types\/product"}],"replies":[{"embeddable":true,"href":"https:\/\/lebouquet.brstdev.com\/fr\/wp-json\/wp\/v2\/comments?post=102320"}],"wp:featuredmedia":[{"embeddable":true,"href":"https:\/\/lebouquet.brstdev.com\/fr\/wp-json\/wp\/v2\/media\/102315"}],"wp:attachment":[{"href":"https:\/\/lebouquet.brstdev.com\/fr\/wp-json\/wp\/v2\/media?parent=102320"}],"wp:term":[{"taxonomy":"recipe","embeddable":true,"href":"https:\/\/lebouquet.brstdev.com\/fr\/wp-json\/wp\/v2\/recipe?post=102320"},{"taxonomy":"product_brand","embeddable":true,"href":"https:\/\/lebouquet.brstdev.com\/fr\/wp-json\/wp\/v2\/product_brand?post=102320"},{"taxonomy":"product_cat","embeddable":true,"href":"https:\/\/lebouquet.brstdev.com\/fr\/wp-json\/wp\/v2\/product_cat?post=102320"},{"taxonomy":"product_tag","embeddable":true,"href":"https:\/\/lebouquet.brstdev.com\/fr\/wp-json\/wp\/v2\/product_tag?post=102320"}],"curies":[{"name":"wp","href":"https:\/\/api.w.org\/{rel}","templated":true}]}}