{"id":102313,"date":"2025-01-18T11:23:51","date_gmt":"2025-01-18T16:23:51","guid":{"rendered":"https:\/\/www.lebouquet.com\/sweet-love-duo\/"},"modified":"2025-08-13T06:01:43","modified_gmt":"2025-08-13T10:01:43","slug":"duo-douceur-damour","status":"publish","type":"product","link":"https:\/\/lebouquet.brstdev.com\/fr\/duo-douceur-damour\/","title":{"rendered":"Duo Douceur d\u2019Amour"},"content":{"rendered":"<p>Offrez \u00e0 votre \u00eatre cher le <strong>Duo Douceur d\u2019Amour<\/strong>, une combinaison charmante de deux cadeaux intemporels pour la Saint-Valentin. Ce coffret comprend un <a href=\"https:\/\/www.lebouquet.com\/fr\/ourson-valentine\/\">Ourson Valentin<\/a> tenant un c\u0153ur rose et rouge ainsi qu\u2019une <a href=\"https:\/\/www.lebouquet.com\/fr\/coeur-bienveillant-de-leonidas\/\">bo\u00eete de chocolats Leonidas en c\u0153ur m\u00e9tallique<\/a> contenant 9 d\u00e9licieux chocolats belges. Ensemble, ils forment un cadeau romantique et attentionn\u00e9 qui exprime amour et affection de la mani\u00e8re la plus douce. Id\u00e9al pour la Saint-Valentin, les anniversaires ou toute occasion sp\u00e9ciale, le Duo Douceur d\u2019Amour saura faire sourire et ravir.<\/p>\n","protected":false},"excerpt":{"rendered":"<p>Offrez \u00e0 votre \u00eatre cher le Duo Douceur d\u2019Amour, une combinaison charmante de deux cadeaux intemporels pour la Saint-Valentin. Ce coffret comprend un Ourson Valentin tenant un c\u0153ur rose et rouge ainsi qu\u2019une bo\u00eete de chocolats Leonidas en c\u0153ur m\u00e9tallique contenant 9 d\u00e9licieux chocolats belges. Ensemble, ils forment un cadeau romantique et attentionn\u00e9 qui exprime [&hellip;]<\/p>\n","protected":false},"featured_media":102306,"comment_status":"open","ping_status":"closed","template":"","meta":{"_acf_changed":false,"inline_featured_image":false},"recipe":[],"product_brand":[],"product_cat":[7648,7569,7647,17153],"product_tag":[],"class_list":{"0":"post-102313","1":"product","2":"type-product","3":"status-publish","4":"has-post-thumbnail","6":"product_cat-cadeaux","7":"product_cat-occasions","8":"product_cat-gift-shop","9":"product_cat-occasions-fr","11":"first","12":"instock","13":"shipping-taxable","14":"purchasable","15":"product-type-simple"},"acf":[],"_links":{"self":[{"href":"https:\/\/lebouquet.brstdev.com\/fr\/wp-json\/wp\/v2\/product\/102313","targetHints":{"allow":["GET"]}}],"collection":[{"href":"https:\/\/lebouquet.brstdev.com\/fr\/wp-json\/wp\/v2\/product"}],"about":[{"href":"https:\/\/lebouquet.brstdev.com\/fr\/wp-json\/wp\/v2\/types\/product"}],"replies":[{"embeddable":true,"href":"https:\/\/lebouquet.brstdev.com\/fr\/wp-json\/wp\/v2\/comments?post=102313"}],"wp:featuredmedia":[{"embeddable":true,"href":"https:\/\/lebouquet.brstdev.com\/fr\/wp-json\/wp\/v2\/media\/102306"}],"wp:attachment":[{"href":"https:\/\/lebouquet.brstdev.com\/fr\/wp-json\/wp\/v2\/media?parent=102313"}],"wp:term":[{"taxonomy":"recipe","embeddable":true,"href":"https:\/\/lebouquet.brstdev.com\/fr\/wp-json\/wp\/v2\/recipe?post=102313"},{"taxonomy":"product_brand","embeddable":true,"href":"https:\/\/lebouquet.brstdev.com\/fr\/wp-json\/wp\/v2\/product_brand?post=102313"},{"taxonomy":"product_cat","embeddable":true,"href":"https:\/\/lebouquet.brstdev.com\/fr\/wp-json\/wp\/v2\/product_cat?post=102313"},{"taxonomy":"product_tag","embeddable":true,"href":"https:\/\/lebouquet.brstdev.com\/fr\/wp-json\/wp\/v2\/product_tag?post=102313"}],"curies":[{"name":"wp","href":"https:\/\/api.w.org\/{rel}","templated":true}]}}