{"id":102286,"date":"2025-01-18T09:29:09","date_gmt":"2025-01-18T14:29:09","guid":{"rendered":"https:\/\/www.lebouquet.com\/hedgehog-xoxo\/"},"modified":"2025-08-13T06:01:43","modified_gmt":"2025-08-13T10:01:43","slug":"herisson-xoxo","status":"publish","type":"product","link":"https:\/\/lebouquet.brstdev.com\/fr\/herisson-xoxo\/","title":{"rendered":"H\u00e9risson XOXO"},"content":{"rendered":"<p>Partagez amour et joie avec le charmant h\u00e9risson XOXO en peluche. Ce h\u00e9risson adorable tient un c\u0153ur rouge brod\u00e9 de \u00ab\u00a0XOXO,\u00a0\u00bb en faisant un cadeau id\u00e9al pour la Saint-Valentin, les anniversaires ou toute occasion pour exprimer votre affection. Son design doux et c\u00e2lin convient \u00e0 tous les \u00e2ges et peut \u00e9galement servir de pi\u00e8ce d\u00e9corative ravissante. Apportez un sourire avec ce compagnon h\u00e9risson irr\u00e9sistible.<\/p>\n","protected":false},"excerpt":{"rendered":"<p>Partagez amour et joie avec le charmant h\u00e9risson XOXO en peluche. Ce h\u00e9risson adorable tient un c\u0153ur rouge brod\u00e9 de \u00ab\u00a0XOXO,\u00a0\u00bb en faisant un cadeau id\u00e9al pour la Saint-Valentin, les anniversaires ou toute occasion pour exprimer votre affection. Son design doux et c\u00e2lin convient \u00e0 tous les \u00e2ges et peut \u00e9galement servir de pi\u00e8ce d\u00e9corative [&hellip;]<\/p>\n","protected":false},"featured_media":102281,"comment_status":"open","ping_status":"closed","template":"","meta":{"_acf_changed":false,"inline_featured_image":false},"recipe":[],"product_brand":[],"product_cat":[7648,7569,7647,7652,17153,7651,7572,7571],"product_tag":[],"class_list":{"0":"post-102286","1":"product","2":"type-product","3":"status-publish","4":"has-post-thumbnail","6":"product_cat-cadeaux","7":"product_cat-occasions","8":"product_cat-gift-shop","9":"product_cat-jouets-en-peluche","10":"product_cat-occasions-fr","11":"product_cat-plush-toys","12":"product_cat-saint-valentin","13":"product_cat-valentines","15":"first","16":"instock","17":"shipping-taxable","18":"purchasable","19":"product-type-simple"},"acf":[],"_links":{"self":[{"href":"https:\/\/lebouquet.brstdev.com\/fr\/wp-json\/wp\/v2\/product\/102286","targetHints":{"allow":["GET"]}}],"collection":[{"href":"https:\/\/lebouquet.brstdev.com\/fr\/wp-json\/wp\/v2\/product"}],"about":[{"href":"https:\/\/lebouquet.brstdev.com\/fr\/wp-json\/wp\/v2\/types\/product"}],"replies":[{"embeddable":true,"href":"https:\/\/lebouquet.brstdev.com\/fr\/wp-json\/wp\/v2\/comments?post=102286"}],"wp:featuredmedia":[{"embeddable":true,"href":"https:\/\/lebouquet.brstdev.com\/fr\/wp-json\/wp\/v2\/media\/102281"}],"wp:attachment":[{"href":"https:\/\/lebouquet.brstdev.com\/fr\/wp-json\/wp\/v2\/media?parent=102286"}],"wp:term":[{"taxonomy":"recipe","embeddable":true,"href":"https:\/\/lebouquet.brstdev.com\/fr\/wp-json\/wp\/v2\/recipe?post=102286"},{"taxonomy":"product_brand","embeddable":true,"href":"https:\/\/lebouquet.brstdev.com\/fr\/wp-json\/wp\/v2\/product_brand?post=102286"},{"taxonomy":"product_cat","embeddable":true,"href":"https:\/\/lebouquet.brstdev.com\/fr\/wp-json\/wp\/v2\/product_cat?post=102286"},{"taxonomy":"product_tag","embeddable":true,"href":"https:\/\/lebouquet.brstdev.com\/fr\/wp-json\/wp\/v2\/product_tag?post=102286"}],"curies":[{"name":"wp","href":"https:\/\/api.w.org\/{rel}","templated":true}]}}