{"id":102246,"date":"2025-01-16T16:14:38","date_gmt":"2025-01-16T21:14:38","guid":{"rendered":"https:\/\/www.lebouquet.com\/barnaby-bear-2\/"},"modified":"2026-01-11T09:14:07","modified_gmt":"2026-01-11T14:14:07","slug":"ourson-barnaby","status":"publish","type":"product","link":"https:\/\/lebouquet.brstdev.com\/fr\/ourson-barnaby\/","title":{"rendered":"Ourson Barnaby"},"content":{"rendered":"<p>Voici Ourson Barnaby, un adorable ourson en peluche de 9 pouces pr\u00eat \u00e0 faire fondre les c\u0153urs ! Habill\u00e9 d\u2019un n\u0153ud rouge et tenant un c\u0153ur rouge brod\u00e9 avec \u00ab Je t\u2019aime \u00bb, Barnaby est le cadeau id\u00e9al pour la Saint-Valentin, un anniversaire ou toute occasion sp\u00e9ciale. Avec sa douce fourrure couleur cr\u00e8me et son design charmant, cet ourson est le symbole parfait de l\u2019amour et de l\u2019affection.<\/p>\n","protected":false},"excerpt":{"rendered":"<p>Voici Ourson Barnaby, un adorable ourson en peluche de 9 pouces pr\u00eat \u00e0 faire fondre les c\u0153urs ! Habill\u00e9 d\u2019un n\u0153ud rouge et tenant un c\u0153ur rouge brod\u00e9 avec \u00ab Je t\u2019aime \u00bb, Barnaby est le cadeau id\u00e9al pour la Saint-Valentin, un anniversaire ou toute occasion sp\u00e9ciale. Avec sa douce fourrure couleur cr\u00e8me et son [&hellip;]<\/p>\n","protected":false},"featured_media":102242,"comment_status":"open","ping_status":"closed","template":"","meta":{"_acf_changed":false},"recipe":[],"product_brand":[],"product_cat":[7648,7647,7652,7651],"product_tag":[],"class_list":{"0":"post-102246","1":"product","2":"type-product","3":"status-publish","4":"has-post-thumbnail","6":"product_cat-cadeaux","7":"product_cat-gift-shop","8":"product_cat-jouets-en-peluche","9":"product_cat-plush-toys","11":"first","12":"instock","13":"shipping-taxable","14":"purchasable","15":"product-type-simple"},"acf":[],"_links":{"self":[{"href":"https:\/\/lebouquet.brstdev.com\/fr\/wp-json\/wp\/v2\/product\/102246","targetHints":{"allow":["GET"]}}],"collection":[{"href":"https:\/\/lebouquet.brstdev.com\/fr\/wp-json\/wp\/v2\/product"}],"about":[{"href":"https:\/\/lebouquet.brstdev.com\/fr\/wp-json\/wp\/v2\/types\/product"}],"replies":[{"embeddable":true,"href":"https:\/\/lebouquet.brstdev.com\/fr\/wp-json\/wp\/v2\/comments?post=102246"}],"wp:featuredmedia":[{"embeddable":true,"href":"https:\/\/lebouquet.brstdev.com\/fr\/wp-json\/wp\/v2\/media\/102242"}],"wp:attachment":[{"href":"https:\/\/lebouquet.brstdev.com\/fr\/wp-json\/wp\/v2\/media?parent=102246"}],"wp:term":[{"taxonomy":"recipe","embeddable":true,"href":"https:\/\/lebouquet.brstdev.com\/fr\/wp-json\/wp\/v2\/recipe?post=102246"},{"taxonomy":"product_brand","embeddable":true,"href":"https:\/\/lebouquet.brstdev.com\/fr\/wp-json\/wp\/v2\/product_brand?post=102246"},{"taxonomy":"product_cat","embeddable":true,"href":"https:\/\/lebouquet.brstdev.com\/fr\/wp-json\/wp\/v2\/product_cat?post=102246"},{"taxonomy":"product_tag","embeddable":true,"href":"https:\/\/lebouquet.brstdev.com\/fr\/wp-json\/wp\/v2\/product_tag?post=102246"}],"curies":[{"name":"wp","href":"https:\/\/api.w.org\/{rel}","templated":true}]}}