{"id":102226,"date":"2025-01-16T15:10:47","date_gmt":"2025-01-16T20:10:47","guid":{"rendered":"https:\/\/www.lebouquet.com\/valentine-gnome\/"},"modified":"2026-01-10T15:06:57","modified_gmt":"2026-01-10T20:06:57","slug":"gnome-de-la-saint-valentin","status":"publish","type":"product","link":"https:\/\/lebouquet.brstdev.com\/fr\/gnome-de-la-saint-valentin\/","title":{"rendered":"Gnome de la Saint-Valentin"},"content":{"rendered":"<p>Diffusez amour et joie cette Saint-Valentin avec notre charmant gnome de 11 pouces ! Habill\u00e9 en rose et rouge festifs avec un chapeau \u00e0 motifs de c\u0153urs et un accent en c\u0153ur paillet\u00e9, ce gnome adorable est parfait pour d\u00e9corer votre maison ou pour offrir \u00e0 quelqu\u2019un de sp\u00e9cial. Son design enchanteur et ses d\u00e9tails chaleureux en font un ajout ravissant \u00e0 toute c\u00e9l\u00e9bration de la Saint-Valentin.<\/p>\n","protected":false},"excerpt":{"rendered":"<p>Diffusez amour et joie cette Saint-Valentin avec notre charmant gnome de 11 pouces ! Habill\u00e9 en rose et rouge festifs avec un chapeau \u00e0 motifs de c\u0153urs et un accent en c\u0153ur paillet\u00e9, ce gnome adorable est parfait pour d\u00e9corer votre maison ou pour offrir \u00e0 quelqu\u2019un de sp\u00e9cial. Son design enchanteur et ses d\u00e9tails [&hellip;]<\/p>\n","protected":false},"featured_media":102220,"comment_status":"open","ping_status":"closed","template":"","meta":{"_acf_changed":false},"recipe":[],"product_brand":[],"product_cat":[7648,17153,7652],"product_tag":[],"class_list":{"0":"post-102226","1":"product","2":"type-product","3":"status-publish","4":"has-post-thumbnail","6":"product_cat-cadeaux","7":"product_cat-fleurs-occasions-montreal","8":"product_cat-jouets-en-peluche","10":"first","11":"instock","12":"shipping-taxable","13":"purchasable","14":"product-type-simple"},"acf":[],"_links":{"self":[{"href":"https:\/\/lebouquet.brstdev.com\/fr\/wp-json\/wp\/v2\/product\/102226","targetHints":{"allow":["GET"]}}],"collection":[{"href":"https:\/\/lebouquet.brstdev.com\/fr\/wp-json\/wp\/v2\/product"}],"about":[{"href":"https:\/\/lebouquet.brstdev.com\/fr\/wp-json\/wp\/v2\/types\/product"}],"replies":[{"embeddable":true,"href":"https:\/\/lebouquet.brstdev.com\/fr\/wp-json\/wp\/v2\/comments?post=102226"}],"wp:featuredmedia":[{"embeddable":true,"href":"https:\/\/lebouquet.brstdev.com\/fr\/wp-json\/wp\/v2\/media\/102220"}],"wp:attachment":[{"href":"https:\/\/lebouquet.brstdev.com\/fr\/wp-json\/wp\/v2\/media?parent=102226"}],"wp:term":[{"taxonomy":"recipe","embeddable":true,"href":"https:\/\/lebouquet.brstdev.com\/fr\/wp-json\/wp\/v2\/recipe?post=102226"},{"taxonomy":"product_brand","embeddable":true,"href":"https:\/\/lebouquet.brstdev.com\/fr\/wp-json\/wp\/v2\/product_brand?post=102226"},{"taxonomy":"product_cat","embeddable":true,"href":"https:\/\/lebouquet.brstdev.com\/fr\/wp-json\/wp\/v2\/product_cat?post=102226"},{"taxonomy":"product_tag","embeddable":true,"href":"https:\/\/lebouquet.brstdev.com\/fr\/wp-json\/wp\/v2\/product_tag?post=102226"}],"curies":[{"name":"wp","href":"https:\/\/api.w.org\/{rel}","templated":true}]}}