{"id":102201,"date":"2025-01-16T13:03:24","date_gmt":"2025-01-16T18:03:24","guid":{"rendered":"https:\/\/www.lebouquet.com\/hedgehog-rose\/"},"modified":"2026-01-10T15:06:20","modified_gmt":"2026-01-10T20:06:20","slug":"herisson-rose","status":"publish","type":"product","link":"https:\/\/lebouquet.brstdev.com\/fr\/herisson-rose\/","title":{"rendered":"H\u00e9risson rose"},"content":{"rendered":"<p>Ajoutez une touche de charme \u00e0 la Saint-Valentin avec cet adorable h\u00e9risson en peluche de 5 pouces tenant une rose rouge ! Doux et c\u00e2lin, ce h\u00e9risson aux d\u00e9tails r\u00e9alistes est le cadeau parfait pour un \u00eatre cher, un ami ou un enfant. Une mani\u00e8re d\u00e9licieuse d\u2019exprimer votre amour, ce petit h\u00e9risson est aussi mignon qu\u2019attentionn\u00e9 !<\/p>\n","protected":false},"excerpt":{"rendered":"<p>Ajoutez une touche de charme \u00e0 la Saint-Valentin avec cet adorable h\u00e9risson en peluche de 5 pouces tenant une rose rouge ! Doux et c\u00e2lin, ce h\u00e9risson aux d\u00e9tails r\u00e9alistes est le cadeau parfait pour un \u00eatre cher, un ami ou un enfant. Une mani\u00e8re d\u00e9licieuse d\u2019exprimer votre amour, ce petit h\u00e9risson est aussi mignon [&hellip;]<\/p>\n","protected":false},"featured_media":102196,"comment_status":"open","ping_status":"closed","template":"","meta":{"_acf_changed":false},"recipe":[],"product_brand":[],"product_cat":[7648,7652],"product_tag":[],"class_list":{"0":"post-102201","1":"product","2":"type-product","3":"status-publish","4":"has-post-thumbnail","6":"product_cat-cadeaux","7":"product_cat-jouets-en-peluche","9":"first","10":"instock","11":"shipping-taxable","12":"purchasable","13":"product-type-simple"},"acf":[],"_links":{"self":[{"href":"https:\/\/lebouquet.brstdev.com\/fr\/wp-json\/wp\/v2\/product\/102201","targetHints":{"allow":["GET"]}}],"collection":[{"href":"https:\/\/lebouquet.brstdev.com\/fr\/wp-json\/wp\/v2\/product"}],"about":[{"href":"https:\/\/lebouquet.brstdev.com\/fr\/wp-json\/wp\/v2\/types\/product"}],"replies":[{"embeddable":true,"href":"https:\/\/lebouquet.brstdev.com\/fr\/wp-json\/wp\/v2\/comments?post=102201"}],"wp:featuredmedia":[{"embeddable":true,"href":"https:\/\/lebouquet.brstdev.com\/fr\/wp-json\/wp\/v2\/media\/102196"}],"wp:attachment":[{"href":"https:\/\/lebouquet.brstdev.com\/fr\/wp-json\/wp\/v2\/media?parent=102201"}],"wp:term":[{"taxonomy":"recipe","embeddable":true,"href":"https:\/\/lebouquet.brstdev.com\/fr\/wp-json\/wp\/v2\/recipe?post=102201"},{"taxonomy":"product_brand","embeddable":true,"href":"https:\/\/lebouquet.brstdev.com\/fr\/wp-json\/wp\/v2\/product_brand?post=102201"},{"taxonomy":"product_cat","embeddable":true,"href":"https:\/\/lebouquet.brstdev.com\/fr\/wp-json\/wp\/v2\/product_cat?post=102201"},{"taxonomy":"product_tag","embeddable":true,"href":"https:\/\/lebouquet.brstdev.com\/fr\/wp-json\/wp\/v2\/product_tag?post=102201"}],"curies":[{"name":"wp","href":"https:\/\/api.w.org\/{rel}","templated":true}]}}