{"id":102189,"date":"2025-01-16T11:55:39","date_gmt":"2025-01-16T16:55:39","guid":{"rendered":"https:\/\/www.lebouquet.com\/valentine-bear\/"},"modified":"2025-08-13T06:01:46","modified_gmt":"2025-08-13T10:01:46","slug":"ourson-valentine","status":"publish","type":"product","link":"https:\/\/lebouquet.brstdev.com\/fr\/ourson-valentine\/","title":{"rendered":"Ourson Saint-Valentin"},"content":{"rendered":"<p>Dites \u00ab Je t&rsquo;aime \u00bb avec cet adorable ourson en peluche de 7 pouces ! Ce doux compagnon au pelage beige tient un c\u0153ur rouge encadr\u00e9 de rose, parfait pour la Saint-Valentin. Que ce soit pour un \u00eatre cher, un ami ou un enfant, cet ourson charmant apportera des sourires et r\u00e9chauffera les c\u0153urs. C\u00e9l\u00e9brez l\u2019amour de la fa\u00e7on la plus mignonne qui soit !<\/p>\n","protected":false},"excerpt":{"rendered":"<p>Dites \u00ab Je t&rsquo;aime \u00bb avec cet adorable ourson en peluche de 7 pouces ! Ce doux compagnon au pelage beige tient un c\u0153ur rouge encadr\u00e9 de rose, parfait pour la Saint-Valentin. Que ce soit pour un \u00eatre cher, un ami ou un enfant, cet ourson charmant apportera des sourires et r\u00e9chauffera les c\u0153urs. C\u00e9l\u00e9brez [&hellip;]<\/p>\n","protected":false},"featured_media":102184,"comment_status":"open","ping_status":"closed","template":"","meta":{"_acf_changed":false,"inline_featured_image":false},"recipe":[],"product_brand":[],"product_cat":[7648,7569,7647,7652,17153,7651,7572,7571],"product_tag":[],"class_list":{"0":"post-102189","1":"product","2":"type-product","3":"status-publish","4":"has-post-thumbnail","6":"product_cat-cadeaux","7":"product_cat-occasions","8":"product_cat-gift-shop","9":"product_cat-jouets-en-peluche","10":"product_cat-occasions-fr","11":"product_cat-plush-toys","12":"product_cat-saint-valentin","13":"product_cat-valentines","15":"first","16":"instock","17":"shipping-taxable","18":"purchasable","19":"product-type-simple"},"acf":[],"_links":{"self":[{"href":"https:\/\/lebouquet.brstdev.com\/fr\/wp-json\/wp\/v2\/product\/102189","targetHints":{"allow":["GET"]}}],"collection":[{"href":"https:\/\/lebouquet.brstdev.com\/fr\/wp-json\/wp\/v2\/product"}],"about":[{"href":"https:\/\/lebouquet.brstdev.com\/fr\/wp-json\/wp\/v2\/types\/product"}],"replies":[{"embeddable":true,"href":"https:\/\/lebouquet.brstdev.com\/fr\/wp-json\/wp\/v2\/comments?post=102189"}],"wp:featuredmedia":[{"embeddable":true,"href":"https:\/\/lebouquet.brstdev.com\/fr\/wp-json\/wp\/v2\/media\/102184"}],"wp:attachment":[{"href":"https:\/\/lebouquet.brstdev.com\/fr\/wp-json\/wp\/v2\/media?parent=102189"}],"wp:term":[{"taxonomy":"recipe","embeddable":true,"href":"https:\/\/lebouquet.brstdev.com\/fr\/wp-json\/wp\/v2\/recipe?post=102189"},{"taxonomy":"product_brand","embeddable":true,"href":"https:\/\/lebouquet.brstdev.com\/fr\/wp-json\/wp\/v2\/product_brand?post=102189"},{"taxonomy":"product_cat","embeddable":true,"href":"https:\/\/lebouquet.brstdev.com\/fr\/wp-json\/wp\/v2\/product_cat?post=102189"},{"taxonomy":"product_tag","embeddable":true,"href":"https:\/\/lebouquet.brstdev.com\/fr\/wp-json\/wp\/v2\/product_tag?post=102189"}],"curies":[{"name":"wp","href":"https:\/\/api.w.org\/{rel}","templated":true}]}}