{"id":101177,"date":"2024-12-07T12:12:04","date_gmt":"2024-12-07T17:12:04","guid":{"rendered":"https:\/\/www.lebouquet.com\/explorer-roses-2\/"},"modified":"2026-03-27T10:08:08","modified_gmt":"2026-03-27T14:08:08","slug":"roses-explorer-50cm","status":"publish","type":"product","link":"https:\/\/lebouquet.brstdev.com\/fr\/roses-explorer-50cm\/","title":{"rendered":"Roses Explorer 50cm &#8211; en vrac"},"content":{"rendered":"<p><strong><u>*Pour garantir la disponibilit\u00e9, veuillez passer vos commandes au moins 2-3 semaines \u00e0 l&rsquo;avance.<\/u><\/strong><\/p>\n<p>Nos <strong>Roses Explorer<\/strong> en vrac, mesurant <strong>50cm <\/strong>ou <a href=\"https:\/\/www.lebouquet.com\/fr\/roses-explorer-60cm\/\">60cm<\/a>, sont le choix parfait pour des designs floraux classiques et luxueux. Avec leurs p\u00e9tales rouges velout\u00e9s et leur parfum riche, ces roses haut de gamme incarnent le romantisme et l&rsquo;\u00e9l\u00e9gance. Id\u00e9ales pour les mariages, les anniversaires et autres occasions sp\u00e9ciales, les <strong>Roses Explorer<\/strong> sont reconnues pour leur qualit\u00e9 exceptionnelle, leur fra\u00eecheur durable et leur beaut\u00e9 captivante. Utilis\u00e9es dans des bouquets, centres de table ou grands arrangements floraux, leur teinte rouge vibrante cr\u00e9e un impact visuel saisissant. Parfaites pour les fleuristes, organisateurs d\u2019\u00e9v\u00e9nements ou amateurs de DIY, les <strong>Roses Explorer<\/strong> subliment chaque cr\u00e9ation florale avec une \u00e9l\u00e9gance intemporelle.<\/p>\n","protected":false},"excerpt":{"rendered":"<p><strong>Caract\u00e9ristiques Cl\u00e9s :<\/strong><\/p>\n<ul>\n<li><strong>Longueur :<\/strong> 50 cm<\/li>\n<li><strong>Couleur :<\/strong> Rouge&nbsp;<\/li>\n<li><strong>Id\u00e9al pour :<\/strong> Arrangements floraux DIY, mariages, \u00e9v\u00e9nements, d\u00e9corations de maison<\/li>\n<\/ul>\n<p>&nbsp;<\/p>\n<p><strong>Instructions de Pr\u00e9paration &amp; d&rsquo;Entretien pour Les Roses Explorer :<\/strong><\/p>\n<ol>\n<li>D\u00e9ballez les fleurs imm\u00e9diatement et retirez l&#8217;emballage protecteur.<\/li>\n<li>Coupez 1 \u00e0 2 pouces des tiges en biais \u00e0 un angle de 45 degr\u00e9s, en r\u00e9p\u00e9tant tous les 2-3 jours.<\/li>\n<li>Placez les tiges dans un vase propre avec de l&rsquo;eau fra\u00eeche et ajoutez un conservateur floral.<\/li>\n<li>Changez l&rsquo;eau et ajoutez un nouveau conservateur tous les 2-3 jours.<\/li>\n<li>Gardez les fleurs dans un endroit frais, \u00e0 l&rsquo;abri de la lumi\u00e8re directe du soleil, des courants d&rsquo;air et des \u00e9vents.<\/li>\n<li>\u00c9vitez de placer les fleurs pr\u00e8s de fruits ou l\u00e9gumes en maturation.<\/li>\n<li>Retirez les p\u00e9tales fan\u00e9s ou endommag\u00e9s.<\/li>\n<li>Utilisez un vase propre avec de l&rsquo;eau fra\u00eeche chaque fois que vous r\u00e9arrangez les fleurs.<\/li>\n<\/ol>\n<p><strong>Disponibilit\u00e9 &amp; D\u00e9tails :<\/strong><\/p>\n<ul>\n<li><strong>Disponibilit\u00e9 :<\/strong> Disponible toute l&rsquo;ann\u00e9e<\/li>\n<li><strong>Commande :<\/strong> Pour garantir la disponibilit\u00e9, veuillez passer vos grandes commandes au moins 2 semaines \u00e0 l&rsquo;avance.<\/li>\n<li><strong>Annulations :<\/strong> Pas d&rsquo;annulations deux semaines avant la livraison.<\/li>\n<li><strong>Livraison :<\/strong> Le produit est livr\u00e9 emball\u00e9 tel qu&rsquo;il arrive de la ferme, non taill\u00e9 et non nettoy\u00e9.<\/li>\n<li><strong>Couleurs :<\/strong> Les couleurs peuvent varier de ce que vous voyez \u00e0 l&rsquo;\u00e9cran.<\/li>\n<li><strong>Prix :<\/strong> Veuillez noter que les prix peuvent changer sans pr\u00e9avis en fonction de certaines f\u00eates.<\/li>\n<li><strong>Paiement :<\/strong> Le paiement est requis avant la livraison.<\/li>\n<\/ul>\n","protected":false},"featured_media":101160,"comment_status":"open","ping_status":"closed","template":"","meta":{"_acf_changed":false},"recipe":[],"product_brand":[],"product_cat":[7674,17396,17479],"product_tag":[],"class_list":{"0":"post-101177","1":"product","2":"type-product","3":"status-publish","4":"has-post-thumbnail","6":"product_cat-fleurs-en-vrac-gros-montreal","7":"product_cat-bulk-roses-fr","8":"product_cat-rose-50cm-fr","10":"first","11":"instock","12":"shipping-taxable","13":"purchasable","14":"product-type-simple"},"acf":[],"_links":{"self":[{"href":"https:\/\/lebouquet.brstdev.com\/fr\/wp-json\/wp\/v2\/product\/101177","targetHints":{"allow":["GET"]}}],"collection":[{"href":"https:\/\/lebouquet.brstdev.com\/fr\/wp-json\/wp\/v2\/product"}],"about":[{"href":"https:\/\/lebouquet.brstdev.com\/fr\/wp-json\/wp\/v2\/types\/product"}],"replies":[{"embeddable":true,"href":"https:\/\/lebouquet.brstdev.com\/fr\/wp-json\/wp\/v2\/comments?post=101177"}],"wp:featuredmedia":[{"embeddable":true,"href":"https:\/\/lebouquet.brstdev.com\/fr\/wp-json\/wp\/v2\/media\/101160"}],"wp:attachment":[{"href":"https:\/\/lebouquet.brstdev.com\/fr\/wp-json\/wp\/v2\/media?parent=101177"}],"wp:term":[{"taxonomy":"recipe","embeddable":true,"href":"https:\/\/lebouquet.brstdev.com\/fr\/wp-json\/wp\/v2\/recipe?post=101177"},{"taxonomy":"product_brand","embeddable":true,"href":"https:\/\/lebouquet.brstdev.com\/fr\/wp-json\/wp\/v2\/product_brand?post=101177"},{"taxonomy":"product_cat","embeddable":true,"href":"https:\/\/lebouquet.brstdev.com\/fr\/wp-json\/wp\/v2\/product_cat?post=101177"},{"taxonomy":"product_tag","embeddable":true,"href":"https:\/\/lebouquet.brstdev.com\/fr\/wp-json\/wp\/v2\/product_tag?post=101177"}],"curies":[{"name":"wp","href":"https:\/\/api.w.org\/{rel}","templated":true}]}}