{"id":125201,"date":"2026-04-15T06:23:35","date_gmt":"2026-04-15T10:23:35","guid":{"rendered":"https:\/\/www.lebouquet.com\/contactez-nous\/"},"modified":"2026-04-16T04:12:02","modified_gmt":"2026-04-16T08:12:02","slug":"contactez-nous","status":"publish","type":"page","link":"https:\/\/lebouquet.brstdev.com\/fr\/contactez-nous\/","title":{"rendered":"Contactez-nous"},"content":{"rendered":"\t\t<div data-elementor-type=\"wp-page\" data-elementor-id=\"125201\" class=\"elementor elementor-125201 elementor-125197\">\n\t\t\t\t\t\t<section class=\"elementor-section elementor-top-section elementor-element elementor-element-e9ae6ff elementor-section-boxed elementor-section-height-default elementor-section-height-default\" data-id=\"e9ae6ff\" data-element_type=\"section\" data-e-type=\"section\">\n\t\t\t\t\t\t<div class=\"elementor-container elementor-column-gap-default\">\n\t\t\t\t\t<div class=\"elementor-column elementor-col-50 elementor-top-column elementor-element elementor-element-c067df0\" data-id=\"c067df0\" data-element_type=\"column\" data-e-type=\"column\">\n\t\t\t<div class=\"elementor-widget-wrap elementor-element-populated\">\n\t\t\t\t\t\t<div class=\"elementor-element elementor-element-1ede767 elementor-widget elementor-widget-text-editor\" data-id=\"1ede767\" data-element_type=\"widget\" data-e-type=\"widget\" data-widget_type=\"text-editor.default\">\n\t\t\t\t<div class=\"elementor-widget-container\">\n\t\t\t\t\t\t\t\t\t\n<div class=\"wpcf7 no-js\" id=\"wpcf7-f125205-o1\" lang=\"en-US\" dir=\"ltr\" data-wpcf7-id=\"125205\">\n<div class=\"screen-reader-response\"><p role=\"status\" aria-live=\"polite\" aria-atomic=\"true\"><\/p> <ul><\/ul><\/div>\n<form action=\"\/fr\/wp-json\/wp\/v2\/pages\/125201#wpcf7-f125205-o1\" method=\"post\" class=\"wpcf7-form init\" aria-label=\"Contact form\" novalidate=\"novalidate\" data-status=\"init\">\n<fieldset class=\"hidden-fields-container\"><input type=\"hidden\" name=\"_wpcf7\" value=\"125205\" \/><input type=\"hidden\" name=\"_wpcf7_version\" value=\"6.1.4\" \/><input type=\"hidden\" name=\"_wpcf7_locale\" value=\"en_US\" \/><input type=\"hidden\" name=\"_wpcf7_unit_tag\" value=\"wpcf7-f125205-o1\" \/><input type=\"hidden\" name=\"_wpcf7_container_post\" value=\"0\" \/><input type=\"hidden\" name=\"_wpcf7_posted_data_hash\" value=\"\" \/>\n<\/fieldset>\n<div class=\"lb-contact-form\">\n\t<div class=\"lb-grid\">\n\t\t<div class=\"lb-field-wrap\">\n\t\t\t<p><label class=\"lb-label\">Votre nom<\/label><br \/>\n<span class=\"wpcf7-form-control-wrap\" data-name=\"your-name\"><input size=\"40\" maxlength=\"400\" class=\"wpcf7-form-control wpcf7-text wpcf7-validates-as-required\" autocomplete=\"name\" aria-required=\"true\" aria-invalid=\"false\" placeholder=\"Jean Dupont\" value=\"\" type=\"text\" name=\"your-name\" \/><\/span>\n\t\t\t<\/p>\n\t\t<\/div>\n\t\t<div class=\"lb-field-wrap\">\n\t\t\t<p><label class=\"lb-label\">Votre adresse courriel<\/label><br \/>\n<span class=\"wpcf7-form-control-wrap\" data-name=\"your-email\"><input size=\"40\" maxlength=\"400\" class=\"wpcf7-form-control wpcf7-email wpcf7-validates-as-required wpcf7-text wpcf7-validates-as-email\" autocomplete=\"email\" aria-required=\"true\" aria-invalid=\"false\" placeholder=\"jean@exemple.com\" value=\"\" type=\"email\" name=\"your-email\" \/><\/span>\n\t\t\t<\/p>\n\t\t<\/div>\n\t\t<div class=\"lb-field-wrap lb-full\">\n\t\t\t<p><label class=\"lb-label\">T\u00e9l\u00e9phone<\/label><br \/>\n<span class=\"wpcf7-form-control-wrap\" data-name=\"your-phone\"><input size=\"40\" maxlength=\"400\" class=\"wpcf7-form-control wpcf7-text wpcf7-validates-as-required\" aria-required=\"true\" aria-invalid=\"false\" placeholder=\"+1 (514) 000-0000\" value=\"\" type=\"text\" name=\"your-phone\" \/><\/span>\n\t\t\t<\/p>\n\t\t<\/div>\n\t\t<div class=\"lb-field-wrap lb-full\">\n\t\t\t<p><label class=\"lb-label\">Votre message (optionnel)<\/label><br \/>\n<span class=\"wpcf7-form-control-wrap\" data-name=\"your-message\"><textarea cols=\"40\" rows=\"10\" maxlength=\"2000\" class=\"wpcf7-form-control wpcf7-textarea\" aria-invalid=\"false\" placeholder=\"D\u00e9crivez vos besoins...\" name=\"your-message\"><\/textarea><\/span>\n\t\t\t<\/p>\n\t\t<\/div>\n\t\t<div class=\"lb-field-wrap lb-full lb-captcha-wrap\">\n\t\t\t<p><label class=\"lb-label\">V\u00e9rification de s\u00e9curit\u00e9<\/label>\n\t\t\t<\/p>\n\t\t\t<div class=\"g-recaptcha\" data-sitekey=\"6LfzhSErAAAAAMkOfWr8B2s2APhA7_jq72iOeASx\">\n\t\t\t<\/div>\n\t\t\t<p><span class=\"wpcf7-form-control-wrap\" data-name=\"captcha-anchor\"><input size=\"40\" maxlength=\"400\" class=\"wpcf7-form-control wpcf7-text lb-captcha-anchor\" aria-invalid=\"false\" value=\"\" type=\"text\" name=\"captcha-anchor\" \/><\/span>\n\t\t\t<\/p>\n\t\t<\/div>\n\t<\/div>\n\t<div style=\"text-align: center; margin-top: 30px;\">\n\t\t<p><input class=\"wpcf7-form-control wpcf7-submit has-spinner\" type=\"submit\" value=\"Envoyer le message\" \/>\n\t\t<\/p>\n\t<\/div>\n<\/div>\n<div class=\"lb-master-loader\">\n\t<div class=\"spinner\">\n\t\t<p><img decoding=\"async\" src=\"https:\/\/www.lebouquet.com\/wp-content\/uploads\/2024\/11\/Logo-loader-slower.gif\" alt=\"Chargement\" \/>\n\t\t<\/p>\n\t<\/div>\n<\/div><div class=\"wpcf7-response-output\" aria-hidden=\"true\"><\/div>\n<\/form>\n<\/div>\n\t\t\t\t\t\t\t\t<\/div>\n\t\t\t\t<\/div>\n\t\t\t\t\t<\/div>\n\t\t<\/div>\n\t\t\t\t<div class=\"elementor-column elementor-col-50 elementor-top-column elementor-element elementor-element-34e84bc\" data-id=\"34e84bc\" data-element_type=\"column\" data-e-type=\"column\">\n\t\t\t<div class=\"elementor-widget-wrap elementor-element-populated\">\n\t\t\t\t\t\t<div class=\"elementor-element elementor-element-d878e78 elementor-widget elementor-widget-heading\" data-id=\"d878e78\" data-element_type=\"widget\" data-e-type=\"widget\" data-widget_type=\"heading.default\">\n\t\t\t\t<div class=\"elementor-widget-container\">\n\t\t\t\t\t<h2 class=\"elementor-heading-title elementor-size-default\">Venez nous rendre visite en personne<\/h2>\t\t\t\t<\/div>\n\t\t\t\t<\/div>\n\t\t\t\t<div class=\"elementor-element elementor-element-260f470 contact-right-txt elementor-widget elementor-widget-html\" data-id=\"260f470\" data-element_type=\"widget\" data-e-type=\"widget\" data-widget_type=\"html.default\">\n\t\t\t\t<div class=\"elementor-widget-container\">\n\t\t\t\t\t<div class=\"link-address\">\r\n    <div class=\"info-blk\">\r\n        <div class=\"left-part\">\r\n            <img decoding=\"async\" src=\"\/wp-content\/uploads\/2023\/06\/location-1.svg\" alt=\"location\" width=\"auto\" height=\"auto\" loading=\"lazy\" title=\"location-marker\">\r\n        <\/div>\r\n        <div class=\"right-part\">\r\n            <p>2421 rue Guenette #200<br>\r\n                Saint-Laurent, QC H4R 2E9\r\n            <\/p>\r\n        <\/div>\r\n    <\/div>\r\n    <div class=\"info-blk\">\r\n        <div class=\"left-part\">\r\n            <img decoding=\"async\" src=\"\/wp-content\/uploads\/2023\/06\/mobile-1.svg\" alt=\"phone\" width=\"auto\" height=\"auto\" loading=\"lazy\" title=\"mobile\">\r\n        <\/div>\r\n        <div class=\"right-part\">\r\n            <p>514-747-2581<br>\r\n                1-800-771-0441\r\n            <\/p>\r\n\t\t\r\n        <\/div>\r\n    <\/div>\r\n    <div class=\"info-blk\">\r\n        <div class=\"left-part\">\r\n            <img decoding=\"async\" src=\"\/wp-content\/uploads\/2023\/06\/timing-1.svg\" alt=\"time\" width=\"auto\" height=\"auto\" loading=\"lazy\" title=\"time-icon\">\r\n        <\/div>\r\n        <div class=\"right-part\">\r\n            <p>Nos heures de livraison et de cueillette :<\/p>\r\n            <table>\r\n                <td\r\n                 style=\"width: 150px;\">Lundi au vendredi:\r\n                    Samedi:\r\n                <td>\r\n                <td style=\"width: 85px;\">\r\n                    10h \u00e0 16h\r\n                    9h \u00e0 15h\r\n                <\/td>    \r\n            <\/table>\r\n        <\/div>\r\n    <\/div>\r\n    \r\n<\/div>\t\t\t\t<\/div>\n\t\t\t\t<\/div>\n\t\t\t\t\t<\/div>\n\t\t<\/div>\n\t\t\t\t\t<\/div>\n\t\t<\/section>\n\t\t\t\t<\/div>\n\t\t","protected":false},"excerpt":{"rendered":"<p>Venez nous rendre visite en personne 2421 rue Guenette #200 Saint-Laurent, QC H4R 2E9 514-747-2581 1-800-771-0441 Nos heures de livraison et de cueillette : Lundi au vendredi: Samedi: 10h \u00e0 16h 9h \u00e0 15h<\/p>\n","protected":false},"author":1,"featured_media":0,"parent":0,"menu_order":0,"comment_status":"closed","ping_status":"closed","template":"","meta":{"_acf_changed":false,"footnotes":""},"class_list":["post-125201","page","type-page","status-publish","hentry"],"acf":[],"_links":{"self":[{"href":"https:\/\/lebouquet.brstdev.com\/fr\/wp-json\/wp\/v2\/pages\/125201","targetHints":{"allow":["GET"]}}],"collection":[{"href":"https:\/\/lebouquet.brstdev.com\/fr\/wp-json\/wp\/v2\/pages"}],"about":[{"href":"https:\/\/lebouquet.brstdev.com\/fr\/wp-json\/wp\/v2\/types\/page"}],"author":[{"embeddable":true,"href":"https:\/\/lebouquet.brstdev.com\/fr\/wp-json\/wp\/v2\/users\/1"}],"replies":[{"embeddable":true,"href":"https:\/\/lebouquet.brstdev.com\/fr\/wp-json\/wp\/v2\/comments?post=125201"}],"version-history":[{"count":6,"href":"https:\/\/lebouquet.brstdev.com\/fr\/wp-json\/wp\/v2\/pages\/125201\/revisions"}],"predecessor-version":[{"id":125289,"href":"https:\/\/lebouquet.brstdev.com\/fr\/wp-json\/wp\/v2\/pages\/125201\/revisions\/125289"}],"wp:attachment":[{"href":"https:\/\/lebouquet.brstdev.com\/fr\/wp-json\/wp\/v2\/media?parent=125201"}],"curies":[{"name":"wp","href":"https:\/\/api.w.org\/{rel}","templated":true}]}}